{"id":154,"date":"2025-04-07T17:08:52","date_gmt":"2025-04-07T15:08:52","guid":{"rendered":"https:\/\/www.dev-sli.fr\/avocat-garnier\/?page_id=154"},"modified":"2025-08-01T09:46:14","modified_gmt":"2025-08-01T07:46:14","slug":"contact","status":"publish","type":"page","link":"https:\/\/www.dev-sli.fr\/avocat-garnier\/contact\/","title":{"rendered":"Contact"},"content":{"rendered":"\t\t<div data-elementor-type=\"wp-page\" data-elementor-id=\"154\" class=\"elementor elementor-154\">\n\t\t\t\t<div class=\"elementor-element elementor-element-b4350b5 e-flex e-con-boxed e-con e-parent\" data-id=\"b4350b5\" data-element_type=\"container\" data-settings=\"{&quot;background_background&quot;:&quot;classic&quot;}\">\n\t\t\t\t\t<div class=\"e-con-inner\">\n\t\t<div class=\"elementor-element elementor-element-4d1c475 e-con-full e-flex e-con e-child\" data-id=\"4d1c475\" data-element_type=\"container\">\n\t\t\t\t<div class=\"elementor-element elementor-element-e3a16e1 elementor-invisible elementor-widget elementor-widget-heading\" data-id=\"e3a16e1\" data-element_type=\"widget\" data-settings=\"{&quot;_animation&quot;:&quot;bounceInLeft&quot;}\" data-widget_type=\"heading.default\">\n\t\t\t\t<div class=\"elementor-widget-container\">\n\t\t\t\t\t<h1 class=\"elementor-heading-title elementor-size-default\">Faites appel aux services de votre avocat exp\u00e9riment\u00e9 en Haute-Savoie<\/h1>\t\t\t\t<\/div>\n\t\t\t\t<\/div>\n\t\t\t\t<div class=\"elementor-element elementor-element-8ca887e elementor-invisible elementor-widget elementor-widget-text-editor\" data-id=\"8ca887e\" data-element_type=\"widget\" data-settings=\"{&quot;_animation&quot;:&quot;bounceInDown&quot;}\" data-widget_type=\"text-editor.default\">\n\t\t\t\t<div class=\"elementor-widget-container\">\n\t\t\t\t\t\t\t\t\t<div class=\"wpb_text_column wpb_content_element wpb_animate_when_almost_visible wpb_top-to-bottom top-to-bottom wpb_start_animation animated\"><div class=\"wpb_wrapper\"><p>Tournez-vous vers les cabinets de <strong>Ma\u00eetre Fran\u00e7ois-Philippe GARNIER<\/strong> pour obtenir des conseils juridiques qualifi\u00e9s et comp\u00e9tents sur lesquels vous pouvez compter en toute confiance. Avec des bureaux \u00e0 <strong>Saint-Julien-en-Genevois<\/strong> ou \u00e0 <strong>Frangy<\/strong>, <a href=\"https:\/\/www.dev-sli.fr\/avocat-garnier\/cabinets\/\">nos 2 cabinets<\/a> accueillent les clients qui ont besoin de solutions r\u00e9fl\u00e9chies \u00e0 des probl\u00e8mes juridiques complexes.<\/p><p>Nous vous offrons des services juridiques aux particuliers, aux entreprises, artisans, commer\u00e7ants et institutionnelles dans tous les domaines du <a href=\"https:\/\/www.dev-sli.fr\/avocat-garnier\/droit-des-personnes-et-de-la-famille\/\">droit de la famille<\/a>, <a href=\"https:\/\/www.dev-sli.fr\/avocat-garnier\/droit-du-travail\/\">droit du travail<\/a>, <a href=\"https:\/\/www.dev-sli.fr\/avocat-garnier\/droit-des-affaires\/\">droit des affaires<\/a>, <a href=\"https:\/\/www.dev-sli.fr\/avocat-garnier\/droit-administratif\/\">droit administratif<\/a> ou <a href=\"https:\/\/www.dev-sli.fr\/avocat-garnier\/droit-de-limmobilier\/\">droit de l\u2019immobilier<\/a>. Nous vous invitons \u00e0 nous contacter pour un rendez-vous.<\/p><\/div><\/div>\t\t\t\t\t\t\t\t<\/div>\n\t\t\t\t<\/div>\n\t\t\t\t<\/div>\n\t\t<div class=\"elementor-element elementor-element-e5aff37 e-con-full e-flex e-con e-child\" data-id=\"e5aff37\" data-element_type=\"container\">\n\t\t\t\t<div class=\"elementor-element elementor-element-572c122 elementor-widget elementor-widget-heading\" data-id=\"572c122\" data-element_type=\"widget\" data-widget_type=\"heading.default\">\n\t\t\t\t<div class=\"elementor-widget-container\">\n\t\t\t\t\t<h6 class=\"elementor-heading-title elementor-size-default\">Notre cabinet de Frangy<\/h6>\t\t\t\t<\/div>\n\t\t\t\t<\/div>\n\t\t\t\t<div class=\"elementor-element elementor-element-26a3d84 elementor-widget elementor-widget-google_maps\" data-id=\"26a3d84\" data-element_type=\"widget\" data-widget_type=\"google_maps.default\">\n\t\t\t\t<div class=\"elementor-widget-container\">\n\t\t\t\t\t\t\t<div class=\"elementor-custom-embed\">\n\t\t\t<iframe loading=\"lazy\"\n\t\t\t\t\tsrc=\"https:\/\/maps.google.com\/maps?q=685%2C%20rue%20du%20Grand%20Pont%2074270%20Frangy&#038;t=m&#038;z=13&#038;output=embed&#038;iwloc=near\"\n\t\t\t\t\ttitle=\"685, rue du Grand Pont 74270 Frangy\"\n\t\t\t\t\taria-label=\"685, rue du Grand Pont 74270 Frangy\"\n\t\t\t><\/iframe>\n\t\t<\/div>\n\t\t\t\t\t\t<\/div>\n\t\t\t\t<\/div>\n\t\t\t\t<div class=\"elementor-element elementor-element-3ca76fd elementor-widget elementor-widget-heading\" data-id=\"3ca76fd\" data-element_type=\"widget\" data-widget_type=\"heading.default\">\n\t\t\t\t<div class=\"elementor-widget-container\">\n\t\t\t\t\t<h6 class=\"elementor-heading-title elementor-size-default\">Notre cabinet de Saint-Julien-en-Genevois<\/h6>\t\t\t\t<\/div>\n\t\t\t\t<\/div>\n\t\t\t\t<div class=\"elementor-element elementor-element-d1c4d90 elementor-widget elementor-widget-google_maps\" data-id=\"d1c4d90\" data-element_type=\"widget\" data-widget_type=\"google_maps.default\">\n\t\t\t\t<div class=\"elementor-widget-container\">\n\t\t\t\t\t\t\t<div class=\"elementor-custom-embed\">\n\t\t\t<iframe loading=\"lazy\"\n\t\t\t\t\tsrc=\"https:\/\/maps.google.com\/maps?q=15%20A%2C%20avenue%20de%20Gen%C3%A8ve%2074160%20Saint-Julien-de-Genevois&#038;t=m&#038;z=13&#038;output=embed&#038;iwloc=near\"\n\t\t\t\t\ttitle=\"15 A, avenue de Gen\u00e8ve 74160 Saint-Julien-de-Genevois\"\n\t\t\t\t\taria-label=\"15 A, avenue de Gen\u00e8ve 74160 Saint-Julien-de-Genevois\"\n\t\t\t><\/iframe>\n\t\t<\/div>\n\t\t\t\t\t\t<\/div>\n\t\t\t\t<\/div>\n\t\t\t\t<\/div>\n\t\t\t\t\t<\/div>\n\t\t\t\t<\/div>\n\t\t<div class=\"elementor-element elementor-element-2cac0d5 e-flex e-con-boxed e-con e-parent\" data-id=\"2cac0d5\" data-element_type=\"container\" data-settings=\"{&quot;background_background&quot;:&quot;classic&quot;}\">\n\t\t\t\t\t<div class=\"e-con-inner\">\n\t\t\t\t<div class=\"elementor-element elementor-element-aca2032 elementor-widget elementor-widget-heading\" data-id=\"aca2032\" data-element_type=\"widget\" data-widget_type=\"heading.default\">\n\t\t\t\t<div class=\"elementor-widget-container\">\n\t\t\t\t\t<h2 class=\"elementor-heading-title elementor-size-default\">Contactez-nous<\/h2>\t\t\t\t<\/div>\n\t\t\t\t<\/div>\n\t\t\t\t<div class=\"elementor-element elementor-element-8a8999f elementor-widget elementor-widget-wpforms\" data-id=\"8a8999f\" data-element_type=\"widget\" data-widget_type=\"wpforms.default\">\n\t\t\t\t<div class=\"elementor-widget-container\">\n\t\t\t\t\t<div class=\"wpforms-container wpforms-container-full contact-form wpforms-render-modern\" id=\"wpforms-1046\"><form id=\"wpforms-form-1046\" class=\"wpforms-validate wpforms-form wpforms-ajax-form\" data-formid=\"1046\" method=\"post\" enctype=\"multipart\/form-data\" action=\"\/avocat-garnier\/wp-json\/wp\/v2\/pages\/154\" data-token=\"4c60f6856dac63a59d03704090fd0a82\" data-token-time=\"1777226145\"><noscript class=\"wpforms-error-noscript\">Veuillez activer JavaScript dans votre navigateur pour remplir ce formulaire.<\/noscript><div id=\"wpforms-error-noscript\" style=\"display: none;\">Veuillez activer JavaScript dans votre navigateur pour remplir ce formulaire.<\/div><div class=\"wpforms-field-container\"><div id=\"wpforms-1046-field_1-container\" class=\"wpforms-field wpforms-field-name\" data-field-id=\"1\"><fieldset><legend class=\"wpforms-field-label\">Nom <span class=\"wpforms-required-label\" aria-hidden=\"true\">*<\/span><\/legend><div class=\"wpforms-field-row wpforms-field-large\"><div class=\"wpforms-field-row-block wpforms-first wpforms-one-half\"><input type=\"text\" id=\"wpforms-1046-field_1\" class=\"wpforms-field-name-first wpforms-field-required\" name=\"wpforms[fields][1][first]\" placeholder=\"Pr\u00e9nom\" aria-errormessage=\"wpforms-1046-field_1-error\" required><label for=\"wpforms-1046-field_1\" class=\"wpforms-field-sublabel after wpforms-sublabel-hide\">Pr\u00e9nom<\/label><\/div><div class=\"wpforms-field-row-block wpforms-one-half\"><input type=\"text\" id=\"wpforms-1046-field_1-last\" class=\"wpforms-field-name-last wpforms-field-required\" name=\"wpforms[fields][1][last]\" placeholder=\"Nom\" aria-errormessage=\"wpforms-1046-field_1-last-error\" required><label for=\"wpforms-1046-field_1-last\" class=\"wpforms-field-sublabel after wpforms-sublabel-hide\">Nom<\/label><\/div><\/div><\/fieldset><\/div><div id=\"wpforms-1046-field_8-container\" class=\"wpforms-field wpforms-field-email\" data-field-id=\"8\"><label class=\"wpforms-field-label\" for=\"wpforms-1046-field_8\">Email <span class=\"wpforms-required-label\" aria-hidden=\"true\">*<\/span><\/label><input type=\"email\" id=\"wpforms-1046-field_8\" class=\"wpforms-field-large wpforms-field-required\" name=\"wpforms[fields][8]\" placeholder=\"Votre adresse e-mail\" spellcheck=\"false\" aria-errormessage=\"wpforms-1046-field_8-error\" required><\/div>\t\t<div id=\"wpforms-1046-field_2-container\"\n\t\t\tclass=\"wpforms-field wpforms-field-text\"\n\t\t\tdata-field-type=\"text\"\n\t\t\tdata-field-id=\"2\"\n\t\t\t>\n\t\t\t<label class=\"wpforms-field-label\" for=\"wpforms-1046-field_2\" >T\u00e9l\u00e9phone Cabinet message<\/label>\n\t\t\t<input type=\"text\" id=\"wpforms-1046-field_2\" class=\"wpforms-field-medium\" name=\"wpforms[fields][2]\" >\n\t\t<\/div>\n\t\t<div id=\"wpforms-1046-field_9-container\" class=\"wpforms-field wpforms-field-text\" data-field-id=\"9\"><label class=\"wpforms-field-label\" for=\"wpforms-1046-field_9\">T\u00e9l\u00e9phone<\/label><input type=\"text\" id=\"wpforms-1046-field_9\" class=\"wpforms-field-large\" name=\"wpforms[fields][9]\" placeholder=\"T\u00e9l\u00e9phone\" aria-errormessage=\"wpforms-1046-field_9-error\" ><\/div><div id=\"wpforms-1046-field_4-container\" class=\"wpforms-field wpforms-field-radio\" data-field-id=\"4\"><fieldset><legend class=\"wpforms-field-label\">Cabinet <span class=\"wpforms-required-label\" aria-hidden=\"true\">*<\/span><\/legend><ul id=\"wpforms-1046-field_4\" class=\"wpforms-field-required\"><li class=\"choice-1 depth-1\"><input type=\"radio\" id=\"wpforms-1046-field_4_1\" name=\"wpforms[fields][4]\" value=\"Saint-Julien-en-Genevois\" aria-errormessage=\"wpforms-1046-field_4_1-error\" required ><label class=\"wpforms-field-label-inline\" for=\"wpforms-1046-field_4_1\">Saint-Julien-en-Genevois<\/label><\/li><li class=\"choice-2 depth-1\"><input type=\"radio\" id=\"wpforms-1046-field_4_2\" name=\"wpforms[fields][4]\" value=\"Frangy\" aria-errormessage=\"wpforms-1046-field_4_2-error\" required ><label class=\"wpforms-field-label-inline\" for=\"wpforms-1046-field_4_2\">Frangy<\/label><\/li><\/ul><\/fieldset><\/div><div id=\"wpforms-1046-field_7-container\" class=\"wpforms-field wpforms-field-textarea\" data-field-id=\"7\"><label class=\"wpforms-field-label\" for=\"wpforms-1046-field_7\">Votre message <span class=\"wpforms-required-label\" aria-hidden=\"true\">*<\/span><\/label><textarea id=\"wpforms-1046-field_7\" class=\"wpforms-field-medium wpforms-field-required\" name=\"wpforms[fields][7]\" placeholder=\"Votre message\" aria-errormessage=\"wpforms-1046-field_7-error\" required><\/textarea><\/div><div id=\"wpforms-1046-field_10-container\" class=\"wpforms-field wpforms-field-checkbox\" data-field-id=\"10\"><fieldset><legend class=\"wpforms-field-label\">Vie priv\u00e9e <span class=\"wpforms-required-label\" aria-hidden=\"true\">*<\/span><\/legend><ul id=\"wpforms-1046-field_10\" class=\"wpforms-field-required\"><li class=\"choice-1 depth-1\"><input type=\"checkbox\" id=\"wpforms-1046-field_10_1\" name=\"wpforms[fields][10][]\" value=\"J\u2019ai pris connaissance de la mani\u00e8re dont mes donn\u00e9es sont trait\u00e9es, de comment exercer mes droits (notamment Bloctel) et j\u2019accepte la &lt;a href=&quot;protection-de-la-vie-privee&quot;&gt;politique de protection de la vie priv\u00e9e du site&lt;\/a&gt;\" aria-errormessage=\"wpforms-1046-field_10_1-error\" required ><label class=\"wpforms-field-label-inline\" for=\"wpforms-1046-field_10_1\">J\u2019ai pris connaissance de la mani\u00e8re dont mes donn\u00e9es sont trait\u00e9es, de comment exercer mes droits (notamment Bloctel) et j\u2019accepte la <a href=\"protection-de-la-vie-privee\">politique de protection de la vie priv\u00e9e du site<\/a><\/label><\/li><\/ul><\/fieldset><\/div><script>\n\t\t\t\t( function() {\n\t\t\t\t\tconst style = document.createElement( 'style' );\n\t\t\t\t\tstyle.appendChild( document.createTextNode( '#wpforms-1046-field_2-container { position: absolute !important; overflow: hidden !important; display: inline !important; height: 1px !important; width: 1px !important; z-index: -1000 !important; padding: 0 !important; } #wpforms-1046-field_2-container input { visibility: hidden; } #wpforms-conversational-form-page #wpforms-1046-field_2-container label { counter-increment: none; }' ) );\n\t\t\t\t\tdocument.head.appendChild( style );\n\t\t\t\t\tdocument.currentScript?.remove();\n\t\t\t\t} )();\n\t\t\t<\/script><\/div><!-- .wpforms-field-container --><div class=\"wpforms-submit-container\" ><input type=\"hidden\" name=\"wpforms[id]\" value=\"1046\"><input type=\"hidden\" name=\"page_title\" value=\"\"><input type=\"hidden\" name=\"page_url\" value=\"https:\/\/www.dev-sli.fr\/avocat-garnier\/wp-json\/wp\/v2\/pages\/154\"><input type=\"hidden\" name=\"url_referer\" value=\"\"><button type=\"submit\" name=\"wpforms[submit]\" id=\"wpforms-submit-1046\" class=\"wpforms-submit\" data-alt-text=\"Envoi en cours ...\" data-submit-text=\"ENVOYER\" aria-live=\"assertive\" value=\"wpforms-submit\">ENVOYER<\/button><img decoding=\"async\" src=\"https:\/\/www.dev-sli.fr\/avocat-garnier\/wp-content\/plugins\/wpforms-lite\/assets\/images\/submit-spin.svg\" class=\"wpforms-submit-spinner\" style=\"display: none;\" width=\"26\" height=\"26\" alt=\"Chargement en cours\"><\/div><\/form><\/div>  <!-- .wpforms-container -->\t\t\t\t<\/div>\n\t\t\t\t<\/div>\n\t\t\t\t\t<\/div>\n\t\t\t\t<\/div>\n\t\t<div class=\"elementor-element elementor-element-96fbdf6 e-flex e-con-boxed e-con e-parent\" data-id=\"96fbdf6\" data-element_type=\"container\" data-settings=\"{&quot;background_background&quot;:&quot;classic&quot;}\">\n\t\t\t\t\t<div class=\"e-con-inner\">\n\t\t\t\t\t<\/div>\n\t\t\t\t<\/div>\n\t\t\t\t<\/div>\n\t\t","protected":false},"excerpt":{"rendered":"<p>Faites appel aux services de votre avocat exp\u00e9riment\u00e9 en Haute-Savoie Tournez-vous vers les cabinets de Ma\u00eetre Fran\u00e7ois-Philippe GARNIER pour obtenir des conseils juridiques qualifi\u00e9s et comp\u00e9tents sur lesquels vous pouvez compter en toute confiance. Avec des bureaux \u00e0 Saint-Julien-en-Genevois ou \u00e0 Frangy, nos 2 cabinets accueillent les clients qui ont besoin de solutions r\u00e9fl\u00e9chies \u00e0 [&hellip;]<\/p>\n","protected":false},"author":1,"featured_media":0,"parent":0,"menu_order":0,"comment_status":"closed","ping_status":"closed","template":"","meta":{"footnotes":""},"class_list":["post-154","page","type-page","status-publish","hentry"],"_links":{"self":[{"href":"https:\/\/www.dev-sli.fr\/avocat-garnier\/wp-json\/wp\/v2\/pages\/154","targetHints":{"allow":["GET"]}}],"collection":[{"href":"https:\/\/www.dev-sli.fr\/avocat-garnier\/wp-json\/wp\/v2\/pages"}],"about":[{"href":"https:\/\/www.dev-sli.fr\/avocat-garnier\/wp-json\/wp\/v2\/types\/page"}],"author":[{"embeddable":true,"href":"https:\/\/www.dev-sli.fr\/avocat-garnier\/wp-json\/wp\/v2\/users\/1"}],"replies":[{"embeddable":true,"href":"https:\/\/www.dev-sli.fr\/avocat-garnier\/wp-json\/wp\/v2\/comments?post=154"}],"version-history":[{"count":199,"href":"https:\/\/www.dev-sli.fr\/avocat-garnier\/wp-json\/wp\/v2\/pages\/154\/revisions"}],"predecessor-version":[{"id":1467,"href":"https:\/\/www.dev-sli.fr\/avocat-garnier\/wp-json\/wp\/v2\/pages\/154\/revisions\/1467"}],"wp:attachment":[{"href":"https:\/\/www.dev-sli.fr\/avocat-garnier\/wp-json\/wp\/v2\/media?parent=154"}],"curies":[{"name":"wp","href":"https:\/\/api.w.org\/{rel}","templated":true}]}}