{"id":17,"date":"2020-12-04T10:15:22","date_gmt":"2020-12-04T09:15:22","guid":{"rendered":"http:\/\/localhost\/sli\/?page_id=17"},"modified":"2021-06-16T08:41:31","modified_gmt":"2021-06-16T06:41:31","slug":"rejoindre-solution-logique","status":"publish","type":"page","link":"https:\/\/www.dev-sli.fr\/sli\/","title":{"rendered":"Solution Logique"},"content":{"rendered":"\n<figure class=\"wp-block-gallery alignwide columns-3 wp-block-gallery-1 is-layout-flex wp-block-gallery-is-layout-flex\"><ul class=\"blocks-gallery-grid\"><li class=\"blocks-gallery-item\"><figure><img loading=\"lazy\" decoding=\"async\" width=\"216\" height=\"233\" src=\"http:\/\/localhost\/sli\/wp-content\/uploads\/2021\/06\/datadock.png\" alt=\"\" data-id=\"849\" data-full-url=\"http:\/\/localhost\/sli\/wp-content\/uploads\/2021\/06\/datadock.png\" data-link=\"http:\/\/localhost\/sli\/datadock\/\" class=\"wp-image-849\"\/><\/figure><\/li><li class=\"blocks-gallery-item\"><figure><img loading=\"lazy\" decoding=\"async\" width=\"264\" height=\"305\" src=\"http:\/\/localhost\/sli\/wp-content\/uploads\/2021\/01\/certif-elit-2021.jpg\" alt=\"\" data-id=\"745\" data-full-url=\"http:\/\/localhost\/sli\/wp-content\/uploads\/2021\/01\/certif-elit-2021.jpg\" data-link=\"http:\/\/localhost\/sli\/certif-elit-2021\/\" class=\"wp-image-745\" srcset=\"https:\/\/www.dev-sli.fr\/sli\/wp-content\/uploads\/2021\/01\/certif-elit-2021.jpg 264w, https:\/\/www.dev-sli.fr\/sli\/wp-content\/uploads\/2021\/01\/certif-elit-2021-260x300.jpg 260w\" sizes=\"auto, (max-width: 264px) 100vw, 264px\" \/><\/figure><\/li><li class=\"blocks-gallery-item\"><figure><img loading=\"lazy\" decoding=\"async\" width=\"383\" height=\"132\" src=\"http:\/\/localhost\/sli\/wp-content\/uploads\/2021\/01\/qualiopi.png\" alt=\"\" data-id=\"720\" data-full-url=\"http:\/\/localhost\/sli\/wp-content\/uploads\/2021\/01\/qualiopi.png\" data-link=\"http:\/\/localhost\/sli\/qualiopi\/\" class=\"wp-image-720\" srcset=\"https:\/\/www.dev-sli.fr\/sli\/wp-content\/uploads\/2021\/01\/qualiopi.png 383w, https:\/\/www.dev-sli.fr\/sli\/wp-content\/uploads\/2021\/01\/qualiopi-300x103.png 300w\" sizes=\"auto, (max-width: 383px) 100vw, 383px\" \/><\/figure><\/li><\/ul><\/figure>\n\n\n\n<p class=\"has-text-color has-medium-font-size\" style=\"color:#097dba\"><strong><span style=\"color:#097dba\" class=\"has-inline-color\">Apporteur de solutions innovantes<\/span><\/strong><\/p>\n\n\n\n<p class=\"has-drop-cap has-text-align-left has-accent-color has-text-color has-normal-font-size\"><strong><span class=\"has-inline-color has-black-color\">Depuis 1990, nous sommes cr\u00e9ateurs &amp; int\u00e9grateurs de solutions informatiques, gestion d\u2019entreprises et d\u2019outils num\u00e9riques. Nous innovons quotidiennement pour les PME, PMI, TPE, ind\u00e9pendants et collectivit\u00e9s dans leur int\u00e9gration et appropriation des technologies num\u00e9riques. Nos techniciens ont la mission de renforcer la performance de votre syst\u00e8me informatique et de prot\u00e8ge votre environnement de travail.<\/span><\/strong><\/p>\n\n\n\n<div class=\"wp-block-group\"><div class=\"wp-block-group__inner-container is-layout-flow wp-block-group-is-layout-flow\">\n<div class=\"wp-block-columns is-layout-flex wp-container-core-columns-is-layout-9d6595d7 wp-block-columns-is-layout-flex\">\n<div class=\"wp-block-column is-layout-flow wp-block-column-is-layout-flow\">\n<p class=\"has-normal-font-size\"><span style=\"color:#097dba\" class=\"has-inline-color\"><strong>Une \u00e9quipe exp\u00e9riment\u00e9e, dipl\u00f4m\u00e9e et certifi\u00e9e<\/strong><\/span> vous<br>conseille sur les technologies r\u00e9centes de marque constructeur, pour am\u00e9liorer votre infrastructure<br>informatique. La comp\u00e9titivit\u00e9 est un axe majeur pour votre entreprise. L\u2019\u00e9quipe de Solution Logique b\u00e9n\u00e9ficie d\u2019une solide<br>exp\u00e9rience pour vous proposer des services fiables de qualit\u00e9 professionnelle adapt\u00e9s \u00e0 votre structure. Vous avez des besoins sp\u00e9cifiques, li\u00e9s \u00e0 votre profession.<br>Des audits sont effectu\u00e9es pour vous faire b\u00e9n\u00e9ficier de<br>conseils ajust\u00e9s et personnalis\u00e9s.<br>S\u00e9curit\u00e9 informatique : R\u00e9seaux, donn\u00e9es &amp; internet. Placer la s\u00e9curit\u00e9 au c\u0153ur de la strat\u00e9gie d\u2019entreprise !<br>Solution Logique, d\u00e9ploie des solutions dimensionn\u00e9es pour s\u2019adapter \u00e0 votre univers de travail. Notre expertise exclusive vous apporter des solutions.<\/p>\n<\/div>\n\n\n\n<div class=\"wp-block-column is-layout-flow wp-block-column-is-layout-flow\">\n<figure class=\"wp-block-image size-large is-resized\"><img loading=\"lazy\" decoding=\"async\" src=\"\/sli\/wp-content\/uploads\/2020\/12\/A-img-2-300dpi-1024x652.jpg\" alt=\"\" width=\"254\" height=\"150\"\/><\/figure>\n\n\n\n<p class=\"has-black-color has-text-color has-normal-font-size\"><strong><span style=\"color:#097dba\" class=\"has-inline-color\">Vos avantages<\/span><\/strong><br>\u2022 Un parc informatique homog\u00e8ne et op\u00e9rationnel<br>\u2022 Un gain de temps pour les utilisateurs<br>\u2022 Une meilleure communication interne<br>\u2022 Une Solution Informatique \u00e9volutive<\/p>\n\n\n\n<p class=\"has-normal-font-size\"><strong><span style=\"color:#097dba\" class=\"has-inline-color\">Notre solution  D\u00e9pannage ponctuel<\/span><\/strong><\/p>\n\n\n\n<p class=\"has-normal-font-size\">Nous pouvons intervenir, sans contrat de maintenance, pour vous d\u00e9panner. Reprise de tout ou partie de votre parc existant.<\/p>\n<\/div>\n<\/div>\n<\/div><\/div>\n","protected":false},"excerpt":{"rendered":"<p>Apporteur de solutions innovantes Depuis 1990, nous sommes cr\u00e9ateurs &amp; int\u00e9grateurs de solutions informatiques, gestion d\u2019entreprises et d\u2019outils num\u00e9riques. Nous innovons quotidiennement pour les PME, PMI, TPE, ind\u00e9pendants et collectivit\u00e9s dans leur int\u00e9gration et appropriation des technologies num\u00e9riques. Nos techniciens ont la mission de renforcer la performance de votre syst\u00e8me informatique et de prot\u00e8ge votre [&hellip;]<\/p>\n","protected":false},"author":1,"featured_media":0,"parent":0,"menu_order":0,"comment_status":"closed","ping_status":"closed","template":"","meta":{"ngg_post_thumbnail":0,"footnotes":""},"class_list":["post-17","page","type-page","status-publish","hentry"],"yoast_head":"<!-- This site is optimized with the Yoast SEO plugin v23.8 - https:\/\/yoast.com\/wordpress\/plugins\/seo\/ -->\n<title>SOLUTION LOGIQUE &#8211; Apporteur de solutions innovantes PRINGY<\/title>\n<meta name=\"description\" content=\"Nous assurons le maintien large segment de client\u00e8les de professionnels, PME, PMI, TPE, Avocats, Notaires, D\u00e9colleteurs, Association\" \/>\n<meta name=\"robots\" content=\"index, follow, max-snippet:-1, max-image-preview:large, max-video-preview:-1\" \/>\n<link rel=\"canonical\" href=\"https:\/\/www.dev-sli.fr\/sli\/\" \/>\n<meta property=\"og:locale\" content=\"fr_FR\" \/>\n<meta property=\"og:type\" content=\"article\" \/>\n<meta property=\"og:title\" content=\"SOLUTION LOGIQUE &#8211; Apporteur de solutions innovantes PRINGY\" \/>\n<meta property=\"og:description\" content=\"Nous assurons le maintien large segment de client\u00e8les de professionnels, PME, PMI, TPE, Avocats, Notaires, D\u00e9colleteurs, Association\" \/>\n<meta property=\"og:url\" content=\"https:\/\/www.dev-sli.fr\/sli\/\" \/>\n<meta property=\"og:site_name\" content=\"SOLUTION LOGIQUE\" \/>\n<meta property=\"article:modified_time\" content=\"2021-06-16T06:41:31+00:00\" \/>\n<meta property=\"og:image\" content=\"http:\/\/localhost\/sli\/wp-content\/uploads\/2021\/06\/datadock.png\" \/>\n<meta name=\"twitter:card\" content=\"summary_large_image\" \/>\n<meta name=\"twitter:label1\" content=\"Dur\u00e9e de lecture estim\u00e9e\" \/>\n\t<meta name=\"twitter:data1\" content=\"2 minutes\" \/>\n<script type=\"application\/ld+json\" class=\"yoast-schema-graph\">{\"@context\":\"https:\/\/schema.org\",\"@graph\":[{\"@type\":\"WebPage\",\"@id\":\"https:\/\/www.dev-sli.fr\/sli\/\",\"url\":\"https:\/\/www.dev-sli.fr\/sli\/\",\"name\":\"SOLUTION LOGIQUE &#8211; Apporteur de solutions innovantes PRINGY\",\"isPartOf\":{\"@id\":\"https:\/\/www.dev-sli.fr\/sli\/#website\"},\"primaryImageOfPage\":{\"@id\":\"https:\/\/www.dev-sli.fr\/sli\/#primaryimage\"},\"image\":{\"@id\":\"https:\/\/www.dev-sli.fr\/sli\/#primaryimage\"},\"thumbnailUrl\":\"http:\/\/localhost\/sli\/wp-content\/uploads\/2021\/06\/datadock.png\",\"datePublished\":\"2020-12-04T09:15:22+00:00\",\"dateModified\":\"2021-06-16T06:41:31+00:00\",\"description\":\"Nous assurons le maintien large segment de client\u00e8les de professionnels, PME, PMI, TPE, Avocats, Notaires, D\u00e9colleteurs, Association\",\"breadcrumb\":{\"@id\":\"https:\/\/www.dev-sli.fr\/sli\/#breadcrumb\"},\"inLanguage\":\"fr-FR\",\"potentialAction\":[{\"@type\":\"ReadAction\",\"target\":[\"https:\/\/www.dev-sli.fr\/sli\/\"]}]},{\"@type\":\"ImageObject\",\"inLanguage\":\"fr-FR\",\"@id\":\"https:\/\/www.dev-sli.fr\/sli\/#primaryimage\",\"url\":\"http:\/\/localhost\/sli\/wp-content\/uploads\/2021\/06\/datadock.png\",\"contentUrl\":\"http:\/\/localhost\/sli\/wp-content\/uploads\/2021\/06\/datadock.png\"},{\"@type\":\"BreadcrumbList\",\"@id\":\"https:\/\/www.dev-sli.fr\/sli\/#breadcrumb\",\"itemListElement\":[{\"@type\":\"ListItem\",\"position\":1,\"name\":\"Home\",\"item\":\"https:\/\/www.dev-sli.fr\/sli\/\"},{\"@type\":\"ListItem\",\"position\":2,\"name\":\"Solution Logique\"}]},{\"@type\":\"WebSite\",\"@id\":\"https:\/\/www.dev-sli.fr\/sli\/#website\",\"url\":\"https:\/\/www.dev-sli.fr\/sli\/\",\"name\":\"SOLUTION LOGIQUE\",\"description\":\"Apporteur de solutions innovantes\",\"publisher\":{\"@id\":\"https:\/\/www.dev-sli.fr\/sli\/#organization\"},\"potentialAction\":[{\"@type\":\"SearchAction\",\"target\":{\"@type\":\"EntryPoint\",\"urlTemplate\":\"https:\/\/www.dev-sli.fr\/sli\/?s={search_term_string}\"},\"query-input\":{\"@type\":\"PropertyValueSpecification\",\"valueRequired\":true,\"valueName\":\"search_term_string\"}}],\"inLanguage\":\"fr-FR\"},{\"@type\":\"Organization\",\"@id\":\"https:\/\/www.dev-sli.fr\/sli\/#organization\",\"name\":\"SOLUTION LOGIQUE\",\"url\":\"https:\/\/www.dev-sli.fr\/sli\/\",\"logo\":{\"@type\":\"ImageObject\",\"inLanguage\":\"fr-FR\",\"@id\":\"https:\/\/www.dev-sli.fr\/sli\/#\/schema\/logo\/image\/\",\"url\":\"\",\"contentUrl\":\"\",\"caption\":\"SOLUTION LOGIQUE\"},\"image\":{\"@id\":\"https:\/\/www.dev-sli.fr\/sli\/#\/schema\/logo\/image\/\"}}]}<\/script>\n<!-- \/ Yoast SEO plugin. -->","yoast_head_json":{"title":"SOLUTION LOGIQUE &#8211; Apporteur de solutions innovantes PRINGY","description":"Nous assurons le maintien large segment de client\u00e8les de professionnels, PME, PMI, TPE, Avocats, Notaires, D\u00e9colleteurs, Association","robots":{"index":"index","follow":"follow","max-snippet":"max-snippet:-1","max-image-preview":"max-image-preview:large","max-video-preview":"max-video-preview:-1"},"canonical":"https:\/\/www.dev-sli.fr\/sli\/","og_locale":"fr_FR","og_type":"article","og_title":"SOLUTION LOGIQUE &#8211; Apporteur de solutions innovantes PRINGY","og_description":"Nous assurons le maintien large segment de client\u00e8les de professionnels, PME, PMI, TPE, Avocats, Notaires, D\u00e9colleteurs, Association","og_url":"https:\/\/www.dev-sli.fr\/sli\/","og_site_name":"SOLUTION LOGIQUE","article_modified_time":"2021-06-16T06:41:31+00:00","og_image":[{"url":"http:\/\/localhost\/sli\/wp-content\/uploads\/2021\/06\/datadock.png"}],"twitter_card":"summary_large_image","twitter_misc":{"Dur\u00e9e de lecture estim\u00e9e":"2 minutes"},"schema":{"@context":"https:\/\/schema.org","@graph":[{"@type":"WebPage","@id":"https:\/\/www.dev-sli.fr\/sli\/","url":"https:\/\/www.dev-sli.fr\/sli\/","name":"SOLUTION LOGIQUE &#8211; Apporteur de solutions innovantes PRINGY","isPartOf":{"@id":"https:\/\/www.dev-sli.fr\/sli\/#website"},"primaryImageOfPage":{"@id":"https:\/\/www.dev-sli.fr\/sli\/#primaryimage"},"image":{"@id":"https:\/\/www.dev-sli.fr\/sli\/#primaryimage"},"thumbnailUrl":"http:\/\/localhost\/sli\/wp-content\/uploads\/2021\/06\/datadock.png","datePublished":"2020-12-04T09:15:22+00:00","dateModified":"2021-06-16T06:41:31+00:00","description":"Nous assurons le maintien large segment de client\u00e8les de professionnels, PME, PMI, TPE, Avocats, Notaires, D\u00e9colleteurs, Association","breadcrumb":{"@id":"https:\/\/www.dev-sli.fr\/sli\/#breadcrumb"},"inLanguage":"fr-FR","potentialAction":[{"@type":"ReadAction","target":["https:\/\/www.dev-sli.fr\/sli\/"]}]},{"@type":"ImageObject","inLanguage":"fr-FR","@id":"https:\/\/www.dev-sli.fr\/sli\/#primaryimage","url":"http:\/\/localhost\/sli\/wp-content\/uploads\/2021\/06\/datadock.png","contentUrl":"http:\/\/localhost\/sli\/wp-content\/uploads\/2021\/06\/datadock.png"},{"@type":"BreadcrumbList","@id":"https:\/\/www.dev-sli.fr\/sli\/#breadcrumb","itemListElement":[{"@type":"ListItem","position":1,"name":"Home","item":"https:\/\/www.dev-sli.fr\/sli\/"},{"@type":"ListItem","position":2,"name":"Solution Logique"}]},{"@type":"WebSite","@id":"https:\/\/www.dev-sli.fr\/sli\/#website","url":"https:\/\/www.dev-sli.fr\/sli\/","name":"SOLUTION LOGIQUE","description":"Apporteur de solutions innovantes","publisher":{"@id":"https:\/\/www.dev-sli.fr\/sli\/#organization"},"potentialAction":[{"@type":"SearchAction","target":{"@type":"EntryPoint","urlTemplate":"https:\/\/www.dev-sli.fr\/sli\/?s={search_term_string}"},"query-input":{"@type":"PropertyValueSpecification","valueRequired":true,"valueName":"search_term_string"}}],"inLanguage":"fr-FR"},{"@type":"Organization","@id":"https:\/\/www.dev-sli.fr\/sli\/#organization","name":"SOLUTION LOGIQUE","url":"https:\/\/www.dev-sli.fr\/sli\/","logo":{"@type":"ImageObject","inLanguage":"fr-FR","@id":"https:\/\/www.dev-sli.fr\/sli\/#\/schema\/logo\/image\/","url":"","contentUrl":"","caption":"SOLUTION LOGIQUE"},"image":{"@id":"https:\/\/www.dev-sli.fr\/sli\/#\/schema\/logo\/image\/"}}]}},"_links":{"self":[{"href":"https:\/\/www.dev-sli.fr\/sli\/wp-json\/wp\/v2\/pages\/17","targetHints":{"allow":["GET"]}}],"collection":[{"href":"https:\/\/www.dev-sli.fr\/sli\/wp-json\/wp\/v2\/pages"}],"about":[{"href":"https:\/\/www.dev-sli.fr\/sli\/wp-json\/wp\/v2\/types\/page"}],"author":[{"embeddable":true,"href":"https:\/\/www.dev-sli.fr\/sli\/wp-json\/wp\/v2\/users\/1"}],"replies":[{"embeddable":true,"href":"https:\/\/www.dev-sli.fr\/sli\/wp-json\/wp\/v2\/comments?post=17"}],"version-history":[{"count":38,"href":"https:\/\/www.dev-sli.fr\/sli\/wp-json\/wp\/v2\/pages\/17\/revisions"}],"predecessor-version":[{"id":893,"href":"https:\/\/www.dev-sli.fr\/sli\/wp-json\/wp\/v2\/pages\/17\/revisions\/893"}],"wp:attachment":[{"href":"https:\/\/www.dev-sli.fr\/sli\/wp-json\/wp\/v2\/media?parent=17"}],"curies":[{"name":"wp","href":"https:\/\/api.w.org\/{rel}","templated":true}]}}