{"id":24,"date":"2020-12-04T10:58:19","date_gmt":"2020-12-04T09:58:19","guid":{"rendered":"http:\/\/localhost\/sli\/?page_id=24"},"modified":"2021-01-21T13:25:28","modified_gmt":"2021-01-21T12:25:28","slug":"nos-services","status":"publish","type":"page","link":"https:\/\/www.dev-sli.fr\/sli\/nos-services\/","title":{"rendered":"Nos services"},"content":{"rendered":"\n<hr class=\"wp-block-separator has-text-color has-background has-black-background-color has-black-color is-style-wide\"\/>\n\n\n\n<h2 class=\"has-medium-font-size wp-block-heading\"><strong>Services : Conseil, D\u00e9veloppement, Relation client<\/strong><\/h2>\n\n\n\n<p><strong>A<\/strong><strong>cteur actif en informatique<\/strong>, nos services assurent la gestion de vos projets et vous proposent des solutions pertinentes&nbsp;<strong>\u00ab&nbsp;cl\u00e9s en main&nbsp;\u00bb<\/strong>&nbsp;faciles \u00e0&nbsp;mettre en \u0153uvre. Ils sauront&nbsp;<strong>vous guider et vous conseiller<\/strong>&nbsp;en mettant en place des solutions \u00e9conomiques, simples, fiables et performantes. Nos collaborateurs sont&nbsp;<strong>form\u00e9s et dipl\u00f4m\u00e9s<\/strong>&nbsp;aux derni\u00e8res techniques de&nbsp;<strong>maintenance mat\u00e9rielles<\/strong>. Notre \u00e9quipe \u00e9labore&nbsp;<strong>le d\u00e9veloppement<\/strong>&nbsp;de vos logiciels et sont reconnus par nos partenaires&nbsp;<strong>sur l\u2019expertise<\/strong>&nbsp;des m\u00e9tiers de l\u2019information.<\/p>\n\n\n\n<p><br>Notre service&nbsp;<strong>\u00ab Charg\u00e9 de Relation Client\u00e8le \u00bb<\/strong>&nbsp;vous accompagne au quotidien pour vous garantir un niveau de service optimum dans la gestion et le&nbsp;<strong>suivi personnalis\u00e9<\/strong>&nbsp;de votre dossier. Notre \u00e9quipe est disponible et attentive \u00e0 toutes vos demandes pour b\u00e2tir ensemble une&nbsp;<strong>relation durable<\/strong>.<\/p>\n\n\n\n<p><br>Votre appel est imm\u00e9diatement pris en compte et trait\u00e9. Notre plateau&nbsp;<strong>Hot Line<\/strong>&nbsp;est sp\u00e9cialis\u00e9 avec&nbsp;<strong>une prise en main \u00e0 distance s\u00e9curis\u00e9e<\/strong>&nbsp;afin de vous apporter une solution rapide et efficace sur les diverses op\u00e9rations techniques de v\u00e9rification d\u2019entretien ou de r\u00e9paration de votre syst\u00e8me.<\/p>\n\n\n\n<p>Reconnu pour&nbsp;<strong>leurs comp\u00e9tences et leurs agr\u00e9ments<\/strong>, nos formateurs mettent \u00e0 profit leurs exp\u00e9riences et leur savoir-faire au b\u00e9n\u00e9fice de votre entreprise.<\/p>\n\n\n\n<p>Leurs socles de connaissances acquises depuis des ann\u00e9es et leurs p\u00e9dagogies pr\u00e9parent vos collaborateurs \u00e0 optimiser&nbsp;<strong>la qualit\u00e9 de leur production<\/strong><\/p>\n\n\n\n<h2 class=\"has-medium-font-size wp-block-heading\"><strong>Maintenance<\/strong><\/h2>\n\n\n\n<p>La maintenance informatique est g\u00e9r\u00e9es par nos techniciens qui ont la mission de renforcer la performance de votre syst\u00e8me informatique. De plus, notre \u00e9quipe prot\u00e8ge votre environnement de travail gr\u00e2ce \u00e0 nos outils de prise en main \u00e0 distance s\u00e9curis\u00e9s dans le cadre de maintenance informatique, intervention et d\u00e9pannage.<\/p>\n\n\n\n<div class=\"wp-block-image\"><figure class=\"alignleft\"><a href=\"https:\/\/solution-logique.fr\/wp-content\/uploads\/maintenance-300x127.jpg\"><img decoding=\"async\" src=\"https:\/\/solution-logique.fr\/wp-content\/uploads\/maintenance-300x127-300x127.jpg\" alt=\"Maintenance informatique\" class=\"wp-image-246\"\/><\/a><figcaption>Maintenance informatique<\/figcaption><\/figure><\/div>\n\n\n\n<p>Depuis 25 ans, Solution Logique s\u2019est adapt\u00e9 aux \u00e9volutions technologiques d\u00e9velopp\u00e9es autour d\u2019une client\u00e8le de professionnels tel que les PME, PMI et TPE. Nous travaillons \u00e9galement avec les Avocats, Notaires, D\u00e9colleteurs, Associations, Administrations Professions lib\u00e9rales et m\u00e9dicales, Artisans, Commer\u00e7ants.<\/p>\n\n\n\n<p>Solution Logique&nbsp;<strong>s\u2019implique au quotidien<\/strong>&nbsp;pour vous fournir un niveau de prestation professionnelle pour le maintien de votre syst\u00e8me informatique. Cela peut concerner votre poste de travail, vos serveurs, ainsi que la virtualisation, l\u2019architecture r\u00e9seau, la protection Internet, le firewall, la sauvegarde, les interconnexions de sites et le Plan de Reprise d\u2019Activit\u00e9 (PRA).<\/p>\n\n\n\n<p>Notre \u00e9quipe est exp\u00e9riment\u00e9e avec des collaborateurs&nbsp;<strong>dipl\u00f4m\u00e9s et certifi\u00e9s.<\/strong>&nbsp;Notre exigence est reconnue pour vous assurer une&nbsp;<strong>qualit\u00e9 de service professionnel<\/strong>. Le niveau d\u2019expertise et l\u2019engagement de nos comp\u00e9tences garantit une action continue des facteurs d\u2019optimisations et de valorisation de vos \u00e9quipements.<\/p>\n\n\n\n<h2 class=\"has-medium-font-size wp-block-heading\"><strong>Conseils en mat\u00e9riels informatiques<\/strong><\/h2>\n\n\n\n<p>Nous vous conseillons sur du mat\u00e9riels informatiques de marque constructeur et sur l\u2019installation de solutions&nbsp;<strong>performantes<\/strong>&nbsp;au sein de votre structure. Cel\u00e0 peut concerner votre serveur de donn\u00e9es, messagerie, ordinateurs de bureau et portables, tablette interactive, protection internet, firewall, \u00e9crans, anti-virus, anti-spam, onduleurs, imprimantes, copieur, fax, scanner et switch.<\/p>\n\n\n\n<div class=\"wp-block-image\"><figure class=\"aligncenter is-resized\"><a href=\"https:\/\/solution-logique.fr\/wp-content\/uploads\/mat%C3%A9riels-1024x433.jpg\"><img loading=\"lazy\" decoding=\"async\" src=\"https:\/\/solution-logique.fr\/wp-content\/uploads\/mat%C3%A9riels-1024x433-1024x433.jpg\" alt=\"Mat\u00e9riels Informatiques\" class=\"wp-image-151\" width=\"400\" height=\"169\" title=\"Mat\u00e9riel Informatique\"\/><\/a><\/figure><\/div>\n\n\n\n<p><\/p>\n","protected":false},"excerpt":{"rendered":"<p>Services : Conseil, D\u00e9veloppement, Relation client Acteur actif en informatique, nos services assurent la gestion de vos projets et vous proposent des solutions pertinentes&nbsp;\u00ab&nbsp;cl\u00e9s en main&nbsp;\u00bb&nbsp;faciles \u00e0&nbsp;mettre en \u0153uvre. Ils sauront&nbsp;vous guider et vous conseiller&nbsp;en mettant en place des solutions \u00e9conomiques, simples, fiables et performantes. Nos collaborateurs sont&nbsp;form\u00e9s et dipl\u00f4m\u00e9s&nbsp;aux derni\u00e8res techniques de&nbsp;maintenance mat\u00e9rielles. Notre [&hellip;]<\/p>\n","protected":false},"author":1,"featured_media":0,"parent":0,"menu_order":0,"comment_status":"closed","ping_status":"closed","template":"","meta":{"ngg_post_thumbnail":0,"footnotes":""},"class_list":["post-24","page","type-page","status-publish","hentry"],"yoast_head":"<!-- This site is optimized with the Yoast SEO plugin v23.8 - https:\/\/yoast.com\/wordpress\/plugins\/seo\/ -->\n<title>Nos services &#8211; SOLUTION LOGIQUE<\/title>\n<meta name=\"robots\" content=\"index, follow, max-snippet:-1, max-image-preview:large, max-video-preview:-1\" \/>\n<link rel=\"canonical\" href=\"https:\/\/www.dev-sli.fr\/sli\/nos-services\/\" \/>\n<meta property=\"og:locale\" content=\"fr_FR\" \/>\n<meta property=\"og:type\" content=\"article\" \/>\n<meta property=\"og:title\" content=\"Nos services &#8211; SOLUTION LOGIQUE\" \/>\n<meta property=\"og:description\" content=\"Services : Conseil, D\u00e9veloppement, Relation client Acteur actif en informatique, nos services assurent la gestion de vos projets et vous proposent des solutions pertinentes&nbsp;\u00ab&nbsp;cl\u00e9s en main&nbsp;\u00bb&nbsp;faciles \u00e0&nbsp;mettre en \u0153uvre. Ils sauront&nbsp;vous guider et vous conseiller&nbsp;en mettant en place des solutions \u00e9conomiques, simples, fiables et performantes. Nos collaborateurs sont&nbsp;form\u00e9s et dipl\u00f4m\u00e9s&nbsp;aux derni\u00e8res techniques de&nbsp;maintenance mat\u00e9rielles. Notre [&hellip;]\" \/>\n<meta property=\"og:url\" content=\"https:\/\/www.dev-sli.fr\/sli\/nos-services\/\" \/>\n<meta property=\"og:site_name\" content=\"SOLUTION LOGIQUE\" \/>\n<meta property=\"article:modified_time\" content=\"2021-01-21T12:25:28+00:00\" \/>\n<meta property=\"og:image\" content=\"https:\/\/solution-logique.fr\/wp-content\/uploads\/maintenance-300x127-300x127.jpg\" \/>\n<meta name=\"twitter:card\" content=\"summary_large_image\" \/>\n<meta name=\"twitter:label1\" content=\"Dur\u00e9e de lecture estim\u00e9e\" \/>\n\t<meta name=\"twitter:data1\" content=\"3 minutes\" \/>\n<script type=\"application\/ld+json\" class=\"yoast-schema-graph\">{\"@context\":\"https:\/\/schema.org\",\"@graph\":[{\"@type\":\"WebPage\",\"@id\":\"https:\/\/www.dev-sli.fr\/sli\/nos-services\/\",\"url\":\"https:\/\/www.dev-sli.fr\/sli\/nos-services\/\",\"name\":\"Nos services &#8211; SOLUTION LOGIQUE\",\"isPartOf\":{\"@id\":\"https:\/\/www.dev-sli.fr\/sli\/#website\"},\"primaryImageOfPage\":{\"@id\":\"https:\/\/www.dev-sli.fr\/sli\/nos-services\/#primaryimage\"},\"image\":{\"@id\":\"https:\/\/www.dev-sli.fr\/sli\/nos-services\/#primaryimage\"},\"thumbnailUrl\":\"https:\/\/solution-logique.fr\/wp-content\/uploads\/maintenance-300x127-300x127.jpg\",\"datePublished\":\"2020-12-04T09:58:19+00:00\",\"dateModified\":\"2021-01-21T12:25:28+00:00\",\"breadcrumb\":{\"@id\":\"https:\/\/www.dev-sli.fr\/sli\/nos-services\/#breadcrumb\"},\"inLanguage\":\"fr-FR\",\"potentialAction\":[{\"@type\":\"ReadAction\",\"target\":[\"https:\/\/www.dev-sli.fr\/sli\/nos-services\/\"]}]},{\"@type\":\"ImageObject\",\"inLanguage\":\"fr-FR\",\"@id\":\"https:\/\/www.dev-sli.fr\/sli\/nos-services\/#primaryimage\",\"url\":\"https:\/\/solution-logique.fr\/wp-content\/uploads\/maintenance-300x127-300x127.jpg\",\"contentUrl\":\"https:\/\/solution-logique.fr\/wp-content\/uploads\/maintenance-300x127-300x127.jpg\"},{\"@type\":\"BreadcrumbList\",\"@id\":\"https:\/\/www.dev-sli.fr\/sli\/nos-services\/#breadcrumb\",\"itemListElement\":[{\"@type\":\"ListItem\",\"position\":1,\"name\":\"Home\",\"item\":\"https:\/\/www.dev-sli.fr\/sli\/\"},{\"@type\":\"ListItem\",\"position\":2,\"name\":\"Nos services\"}]},{\"@type\":\"WebSite\",\"@id\":\"https:\/\/www.dev-sli.fr\/sli\/#website\",\"url\":\"https:\/\/www.dev-sli.fr\/sli\/\",\"name\":\"SOLUTION LOGIQUE\",\"description\":\"Apporteur de solutions innovantes\",\"publisher\":{\"@id\":\"https:\/\/www.dev-sli.fr\/sli\/#organization\"},\"potentialAction\":[{\"@type\":\"SearchAction\",\"target\":{\"@type\":\"EntryPoint\",\"urlTemplate\":\"https:\/\/www.dev-sli.fr\/sli\/?s={search_term_string}\"},\"query-input\":{\"@type\":\"PropertyValueSpecification\",\"valueRequired\":true,\"valueName\":\"search_term_string\"}}],\"inLanguage\":\"fr-FR\"},{\"@type\":\"Organization\",\"@id\":\"https:\/\/www.dev-sli.fr\/sli\/#organization\",\"name\":\"SOLUTION LOGIQUE\",\"url\":\"https:\/\/www.dev-sli.fr\/sli\/\",\"logo\":{\"@type\":\"ImageObject\",\"inLanguage\":\"fr-FR\",\"@id\":\"https:\/\/www.dev-sli.fr\/sli\/#\/schema\/logo\/image\/\",\"url\":\"\",\"contentUrl\":\"\",\"caption\":\"SOLUTION LOGIQUE\"},\"image\":{\"@id\":\"https:\/\/www.dev-sli.fr\/sli\/#\/schema\/logo\/image\/\"}}]}<\/script>\n<!-- \/ Yoast SEO plugin. -->","yoast_head_json":{"title":"Nos services &#8211; SOLUTION LOGIQUE","robots":{"index":"index","follow":"follow","max-snippet":"max-snippet:-1","max-image-preview":"max-image-preview:large","max-video-preview":"max-video-preview:-1"},"canonical":"https:\/\/www.dev-sli.fr\/sli\/nos-services\/","og_locale":"fr_FR","og_type":"article","og_title":"Nos services &#8211; SOLUTION LOGIQUE","og_description":"Services : Conseil, D\u00e9veloppement, Relation client Acteur actif en informatique, nos services assurent la gestion de vos projets et vous proposent des solutions pertinentes&nbsp;\u00ab&nbsp;cl\u00e9s en main&nbsp;\u00bb&nbsp;faciles \u00e0&nbsp;mettre en \u0153uvre. Ils sauront&nbsp;vous guider et vous conseiller&nbsp;en mettant en place des solutions \u00e9conomiques, simples, fiables et performantes. Nos collaborateurs sont&nbsp;form\u00e9s et dipl\u00f4m\u00e9s&nbsp;aux derni\u00e8res techniques de&nbsp;maintenance mat\u00e9rielles. Notre [&hellip;]","og_url":"https:\/\/www.dev-sli.fr\/sli\/nos-services\/","og_site_name":"SOLUTION LOGIQUE","article_modified_time":"2021-01-21T12:25:28+00:00","og_image":[{"url":"https:\/\/solution-logique.fr\/wp-content\/uploads\/maintenance-300x127-300x127.jpg"}],"twitter_card":"summary_large_image","twitter_misc":{"Dur\u00e9e de lecture estim\u00e9e":"3 minutes"},"schema":{"@context":"https:\/\/schema.org","@graph":[{"@type":"WebPage","@id":"https:\/\/www.dev-sli.fr\/sli\/nos-services\/","url":"https:\/\/www.dev-sli.fr\/sli\/nos-services\/","name":"Nos services &#8211; SOLUTION LOGIQUE","isPartOf":{"@id":"https:\/\/www.dev-sli.fr\/sli\/#website"},"primaryImageOfPage":{"@id":"https:\/\/www.dev-sli.fr\/sli\/nos-services\/#primaryimage"},"image":{"@id":"https:\/\/www.dev-sli.fr\/sli\/nos-services\/#primaryimage"},"thumbnailUrl":"https:\/\/solution-logique.fr\/wp-content\/uploads\/maintenance-300x127-300x127.jpg","datePublished":"2020-12-04T09:58:19+00:00","dateModified":"2021-01-21T12:25:28+00:00","breadcrumb":{"@id":"https:\/\/www.dev-sli.fr\/sli\/nos-services\/#breadcrumb"},"inLanguage":"fr-FR","potentialAction":[{"@type":"ReadAction","target":["https:\/\/www.dev-sli.fr\/sli\/nos-services\/"]}]},{"@type":"ImageObject","inLanguage":"fr-FR","@id":"https:\/\/www.dev-sli.fr\/sli\/nos-services\/#primaryimage","url":"https:\/\/solution-logique.fr\/wp-content\/uploads\/maintenance-300x127-300x127.jpg","contentUrl":"https:\/\/solution-logique.fr\/wp-content\/uploads\/maintenance-300x127-300x127.jpg"},{"@type":"BreadcrumbList","@id":"https:\/\/www.dev-sli.fr\/sli\/nos-services\/#breadcrumb","itemListElement":[{"@type":"ListItem","position":1,"name":"Home","item":"https:\/\/www.dev-sli.fr\/sli\/"},{"@type":"ListItem","position":2,"name":"Nos services"}]},{"@type":"WebSite","@id":"https:\/\/www.dev-sli.fr\/sli\/#website","url":"https:\/\/www.dev-sli.fr\/sli\/","name":"SOLUTION LOGIQUE","description":"Apporteur de solutions innovantes","publisher":{"@id":"https:\/\/www.dev-sli.fr\/sli\/#organization"},"potentialAction":[{"@type":"SearchAction","target":{"@type":"EntryPoint","urlTemplate":"https:\/\/www.dev-sli.fr\/sli\/?s={search_term_string}"},"query-input":{"@type":"PropertyValueSpecification","valueRequired":true,"valueName":"search_term_string"}}],"inLanguage":"fr-FR"},{"@type":"Organization","@id":"https:\/\/www.dev-sli.fr\/sli\/#organization","name":"SOLUTION LOGIQUE","url":"https:\/\/www.dev-sli.fr\/sli\/","logo":{"@type":"ImageObject","inLanguage":"fr-FR","@id":"https:\/\/www.dev-sli.fr\/sli\/#\/schema\/logo\/image\/","url":"","contentUrl":"","caption":"SOLUTION LOGIQUE"},"image":{"@id":"https:\/\/www.dev-sli.fr\/sli\/#\/schema\/logo\/image\/"}}]}},"_links":{"self":[{"href":"https:\/\/www.dev-sli.fr\/sli\/wp-json\/wp\/v2\/pages\/24","targetHints":{"allow":["GET"]}}],"collection":[{"href":"https:\/\/www.dev-sli.fr\/sli\/wp-json\/wp\/v2\/pages"}],"about":[{"href":"https:\/\/www.dev-sli.fr\/sli\/wp-json\/wp\/v2\/types\/page"}],"author":[{"embeddable":true,"href":"https:\/\/www.dev-sli.fr\/sli\/wp-json\/wp\/v2\/users\/1"}],"replies":[{"embeddable":true,"href":"https:\/\/www.dev-sli.fr\/sli\/wp-json\/wp\/v2\/comments?post=24"}],"version-history":[{"count":1,"href":"https:\/\/www.dev-sli.fr\/sli\/wp-json\/wp\/v2\/pages\/24\/revisions"}],"predecessor-version":[{"id":762,"href":"https:\/\/www.dev-sli.fr\/sli\/wp-json\/wp\/v2\/pages\/24\/revisions\/762"}],"wp:attachment":[{"href":"https:\/\/www.dev-sli.fr\/sli\/wp-json\/wp\/v2\/media?parent=24"}],"curies":[{"name":"wp","href":"https:\/\/api.w.org\/{rel}","templated":true}]}}