{"id":308,"date":"2020-12-21T17:46:27","date_gmt":"2020-12-21T16:46:27","guid":{"rendered":"http:\/\/localhost\/sli\/?page_id=308"},"modified":"2021-01-18T17:15:30","modified_gmt":"2021-01-18T16:15:30","slug":"informatique","status":"publish","type":"page","link":"https:\/\/www.dev-sli.fr\/sli\/informatique\/","title":{"rendered":"Service Informatique"},"content":{"rendered":"\n<p>\u2022 Audit \u2022 Mat\u00e9riel Informatique &amp; bureautique \u2022 Solutions d\u2019impression \u2022 S\u00e9curit\u00e9 informatique \u2022 Sauvegarde s\u00e9curis\u00e9e \u2022 Plan de reprise d\u2019activit\u00e9 (PRA) \u2022 Maintenance, supervision \u2022 D\u00e9pannage ponctuel \u2022 Serveur h\u00e9berg\u00e9 (haute disponibilit\u00e9)<\/p>\n\n\n\n<p>Une \u00e9quipe exp\u00e9riment\u00e9e, dipl\u00f4m\u00e9e et certifi\u00e9e vous conseille sur les technologies r\u00e9centes de marque constructeur afin d\u2019am\u00e9liorer votre infrastructure informatique.<\/p>\n\n\n\n<p>La comp\u00e9titivit\u00e9 est un axe majeur pour votre entreprise. L\u2019\u00e9quipe de Solution Logique b\u00e9n\u00e9ficie d\u2019une solide exp\u00e9rience pour vous proposer des services fiables, de qualit\u00e9 professionnelle, adapt\u00e9s \u00e0 votre structure.<\/p>\n\n\n\n<p class=\"has-text-color\" style=\"color:#0071a1\"><strong>Vous avez des besoins sp\u00e9cifiques li\u00e9s \u00e0 votre profession&nbsp;?<\/strong><\/p>\n\n\n\n<p>Des audits sont effectu\u00e9s pour vous faire b\u00e9n\u00e9ficier de conseils ajust\u00e9s et personnalis\u00e9s.<\/p>\n\n\n\n<p class=\"has-text-color\" style=\"color:#0071a1\"><strong>S\u00e9curit\u00e9 informatique : <\/strong>R\u00e9seaux, donn\u00e9es &amp; internet, placer la s\u00e9curit\u00e9 au c\u0153ur de la strat\u00e9gie d\u2019entreprise !<\/p>\n\n\n\n<p>Solution Logique, d\u00e9ploie des solutions dimensionn\u00e9es pour s\u2019adapter \u00e0 votre univers de travail. Notre expertise exclusive vous apporte des solutions fiables, convaincantes et performantes.<\/p>\n\n\n\n<p class=\"has-text-color\" style=\"color:#0071a1\"><strong>Vos avantages<\/strong><\/p>\n\n\n\n<ul class=\"wp-block-list\"><li>Un parc informatique homog\u00e8ne et op\u00e9rationnel<\/li><li>Un gain de temps pour les utilisateurs<\/li><li>Une meilleure communication interne<\/li><li>Une Solution Informatique \u00e9volutive<\/li><\/ul>\n\n\n\n<p>Notre solution + D\u00e9pannage ponctuel<\/p>\n\n\n\n<p>Nous pouvons \u00e9galement intervenir sur des d\u00e9pannages sans contrat de maintenance.<\/p>\n\n\n\n<p class=\"has-text-color\" style=\"color:#0071a1\"><strong>Revendeur agr\u00e9\u00e9 certifi\u00e9<\/strong><\/p>\n\n\n\n<p>La transition digitale constitue un enjeu crucial pour am\u00e9liorer la production de vos \u00e9quipes et cr\u00e9er le retour d\u2019exp\u00e9rience indispensable sur la rentabilit\u00e9 de vos activit\u00e9s. Notre solution + D\u00e9pannage ponctuel Pc, Workstation, serveur, logiciels, virtualisation de serveur, r\u00e9seau, sauvegarde, imprimante, \u00e9cran tactile, totem tactile, tableau interactif, caisse, t\u00e9l\u00e9travail, visioconf\u00e9rence, anti-virus, anti-spam, firewall, s\u00e9curit\u00e9, bo\u00eetes mails, vid\u00e9o surveillance&#8230;<\/p>\n","protected":false},"excerpt":{"rendered":"<p>\u2022 Audit \u2022 Mat\u00e9riel Informatique &amp; bureautique \u2022 Solutions d\u2019impression \u2022 S\u00e9curit\u00e9 informatique \u2022 Sauvegarde s\u00e9curis\u00e9e \u2022 Plan de reprise d\u2019activit\u00e9 (PRA) \u2022 Maintenance, supervision \u2022 D\u00e9pannage ponctuel \u2022 Serveur h\u00e9berg\u00e9 (haute disponibilit\u00e9) Une \u00e9quipe exp\u00e9riment\u00e9e, dipl\u00f4m\u00e9e et certifi\u00e9e vous conseille sur les technologies r\u00e9centes de marque constructeur afin d\u2019am\u00e9liorer votre infrastructure informatique. La comp\u00e9titivit\u00e9 [&hellip;]<\/p>\n","protected":false},"author":1,"featured_media":0,"parent":0,"menu_order":0,"comment_status":"closed","ping_status":"closed","template":"","meta":{"ngg_post_thumbnail":0,"footnotes":""},"class_list":["post-308","page","type-page","status-publish","hentry"],"yoast_head":"<!-- This site is optimized with the Yoast SEO plugin v23.8 - https:\/\/yoast.com\/wordpress\/plugins\/seo\/ -->\n<title>Service Informatique &#8211; SOLUTION LOGIQUE<\/title>\n<meta name=\"robots\" content=\"index, follow, max-snippet:-1, max-image-preview:large, max-video-preview:-1\" \/>\n<link rel=\"canonical\" href=\"https:\/\/www.dev-sli.fr\/sli\/informatique\/\" \/>\n<meta property=\"og:locale\" content=\"fr_FR\" \/>\n<meta property=\"og:type\" content=\"article\" \/>\n<meta property=\"og:title\" content=\"Service Informatique &#8211; SOLUTION LOGIQUE\" \/>\n<meta property=\"og:description\" content=\"\u2022 Audit \u2022 Mat\u00e9riel Informatique &amp; bureautique \u2022 Solutions d\u2019impression \u2022 S\u00e9curit\u00e9 informatique \u2022 Sauvegarde s\u00e9curis\u00e9e \u2022 Plan de reprise d\u2019activit\u00e9 (PRA) \u2022 Maintenance, supervision \u2022 D\u00e9pannage ponctuel \u2022 Serveur h\u00e9berg\u00e9 (haute disponibilit\u00e9) Une \u00e9quipe exp\u00e9riment\u00e9e, dipl\u00f4m\u00e9e et certifi\u00e9e vous conseille sur les technologies r\u00e9centes de marque constructeur afin d\u2019am\u00e9liorer votre infrastructure informatique. La comp\u00e9titivit\u00e9 [&hellip;]\" \/>\n<meta property=\"og:url\" content=\"https:\/\/www.dev-sli.fr\/sli\/informatique\/\" \/>\n<meta property=\"og:site_name\" content=\"SOLUTION LOGIQUE\" \/>\n<meta property=\"article:modified_time\" content=\"2021-01-18T16:15:30+00:00\" \/>\n<meta name=\"twitter:card\" content=\"summary_large_image\" \/>\n<meta name=\"twitter:label1\" content=\"Dur\u00e9e de lecture estim\u00e9e\" \/>\n\t<meta name=\"twitter:data1\" content=\"2 minutes\" \/>\n<script type=\"application\/ld+json\" class=\"yoast-schema-graph\">{\"@context\":\"https:\/\/schema.org\",\"@graph\":[{\"@type\":\"WebPage\",\"@id\":\"https:\/\/www.dev-sli.fr\/sli\/informatique\/\",\"url\":\"https:\/\/www.dev-sli.fr\/sli\/informatique\/\",\"name\":\"Service Informatique &#8211; SOLUTION LOGIQUE\",\"isPartOf\":{\"@id\":\"https:\/\/www.dev-sli.fr\/sli\/#website\"},\"datePublished\":\"2020-12-21T16:46:27+00:00\",\"dateModified\":\"2021-01-18T16:15:30+00:00\",\"breadcrumb\":{\"@id\":\"https:\/\/www.dev-sli.fr\/sli\/informatique\/#breadcrumb\"},\"inLanguage\":\"fr-FR\",\"potentialAction\":[{\"@type\":\"ReadAction\",\"target\":[\"https:\/\/www.dev-sli.fr\/sli\/informatique\/\"]}]},{\"@type\":\"BreadcrumbList\",\"@id\":\"https:\/\/www.dev-sli.fr\/sli\/informatique\/#breadcrumb\",\"itemListElement\":[{\"@type\":\"ListItem\",\"position\":1,\"name\":\"Home\",\"item\":\"https:\/\/www.dev-sli.fr\/sli\/\"},{\"@type\":\"ListItem\",\"position\":2,\"name\":\"Service Informatique\"}]},{\"@type\":\"WebSite\",\"@id\":\"https:\/\/www.dev-sli.fr\/sli\/#website\",\"url\":\"https:\/\/www.dev-sli.fr\/sli\/\",\"name\":\"SOLUTION LOGIQUE\",\"description\":\"Apporteur de solutions innovantes\",\"publisher\":{\"@id\":\"https:\/\/www.dev-sli.fr\/sli\/#organization\"},\"potentialAction\":[{\"@type\":\"SearchAction\",\"target\":{\"@type\":\"EntryPoint\",\"urlTemplate\":\"https:\/\/www.dev-sli.fr\/sli\/?s={search_term_string}\"},\"query-input\":{\"@type\":\"PropertyValueSpecification\",\"valueRequired\":true,\"valueName\":\"search_term_string\"}}],\"inLanguage\":\"fr-FR\"},{\"@type\":\"Organization\",\"@id\":\"https:\/\/www.dev-sli.fr\/sli\/#organization\",\"name\":\"SOLUTION LOGIQUE\",\"url\":\"https:\/\/www.dev-sli.fr\/sli\/\",\"logo\":{\"@type\":\"ImageObject\",\"inLanguage\":\"fr-FR\",\"@id\":\"https:\/\/www.dev-sli.fr\/sli\/#\/schema\/logo\/image\/\",\"url\":\"\",\"contentUrl\":\"\",\"caption\":\"SOLUTION LOGIQUE\"},\"image\":{\"@id\":\"https:\/\/www.dev-sli.fr\/sli\/#\/schema\/logo\/image\/\"}}]}<\/script>\n<!-- \/ Yoast SEO plugin. -->","yoast_head_json":{"title":"Service Informatique &#8211; SOLUTION LOGIQUE","robots":{"index":"index","follow":"follow","max-snippet":"max-snippet:-1","max-image-preview":"max-image-preview:large","max-video-preview":"max-video-preview:-1"},"canonical":"https:\/\/www.dev-sli.fr\/sli\/informatique\/","og_locale":"fr_FR","og_type":"article","og_title":"Service Informatique &#8211; SOLUTION LOGIQUE","og_description":"\u2022 Audit \u2022 Mat\u00e9riel Informatique &amp; bureautique \u2022 Solutions d\u2019impression \u2022 S\u00e9curit\u00e9 informatique \u2022 Sauvegarde s\u00e9curis\u00e9e \u2022 Plan de reprise d\u2019activit\u00e9 (PRA) \u2022 Maintenance, supervision \u2022 D\u00e9pannage ponctuel \u2022 Serveur h\u00e9berg\u00e9 (haute disponibilit\u00e9) Une \u00e9quipe exp\u00e9riment\u00e9e, dipl\u00f4m\u00e9e et certifi\u00e9e vous conseille sur les technologies r\u00e9centes de marque constructeur afin d\u2019am\u00e9liorer votre infrastructure informatique. La comp\u00e9titivit\u00e9 [&hellip;]","og_url":"https:\/\/www.dev-sli.fr\/sli\/informatique\/","og_site_name":"SOLUTION LOGIQUE","article_modified_time":"2021-01-18T16:15:30+00:00","twitter_card":"summary_large_image","twitter_misc":{"Dur\u00e9e de lecture estim\u00e9e":"2 minutes"},"schema":{"@context":"https:\/\/schema.org","@graph":[{"@type":"WebPage","@id":"https:\/\/www.dev-sli.fr\/sli\/informatique\/","url":"https:\/\/www.dev-sli.fr\/sli\/informatique\/","name":"Service Informatique &#8211; SOLUTION LOGIQUE","isPartOf":{"@id":"https:\/\/www.dev-sli.fr\/sli\/#website"},"datePublished":"2020-12-21T16:46:27+00:00","dateModified":"2021-01-18T16:15:30+00:00","breadcrumb":{"@id":"https:\/\/www.dev-sli.fr\/sli\/informatique\/#breadcrumb"},"inLanguage":"fr-FR","potentialAction":[{"@type":"ReadAction","target":["https:\/\/www.dev-sli.fr\/sli\/informatique\/"]}]},{"@type":"BreadcrumbList","@id":"https:\/\/www.dev-sli.fr\/sli\/informatique\/#breadcrumb","itemListElement":[{"@type":"ListItem","position":1,"name":"Home","item":"https:\/\/www.dev-sli.fr\/sli\/"},{"@type":"ListItem","position":2,"name":"Service Informatique"}]},{"@type":"WebSite","@id":"https:\/\/www.dev-sli.fr\/sli\/#website","url":"https:\/\/www.dev-sli.fr\/sli\/","name":"SOLUTION LOGIQUE","description":"Apporteur de solutions innovantes","publisher":{"@id":"https:\/\/www.dev-sli.fr\/sli\/#organization"},"potentialAction":[{"@type":"SearchAction","target":{"@type":"EntryPoint","urlTemplate":"https:\/\/www.dev-sli.fr\/sli\/?s={search_term_string}"},"query-input":{"@type":"PropertyValueSpecification","valueRequired":true,"valueName":"search_term_string"}}],"inLanguage":"fr-FR"},{"@type":"Organization","@id":"https:\/\/www.dev-sli.fr\/sli\/#organization","name":"SOLUTION LOGIQUE","url":"https:\/\/www.dev-sli.fr\/sli\/","logo":{"@type":"ImageObject","inLanguage":"fr-FR","@id":"https:\/\/www.dev-sli.fr\/sli\/#\/schema\/logo\/image\/","url":"","contentUrl":"","caption":"SOLUTION LOGIQUE"},"image":{"@id":"https:\/\/www.dev-sli.fr\/sli\/#\/schema\/logo\/image\/"}}]}},"_links":{"self":[{"href":"https:\/\/www.dev-sli.fr\/sli\/wp-json\/wp\/v2\/pages\/308","targetHints":{"allow":["GET"]}}],"collection":[{"href":"https:\/\/www.dev-sli.fr\/sli\/wp-json\/wp\/v2\/pages"}],"about":[{"href":"https:\/\/www.dev-sli.fr\/sli\/wp-json\/wp\/v2\/types\/page"}],"author":[{"embeddable":true,"href":"https:\/\/www.dev-sli.fr\/sli\/wp-json\/wp\/v2\/users\/1"}],"replies":[{"embeddable":true,"href":"https:\/\/www.dev-sli.fr\/sli\/wp-json\/wp\/v2\/comments?post=308"}],"version-history":[{"count":3,"href":"https:\/\/www.dev-sli.fr\/sli\/wp-json\/wp\/v2\/pages\/308\/revisions"}],"predecessor-version":[{"id":679,"href":"https:\/\/www.dev-sli.fr\/sli\/wp-json\/wp\/v2\/pages\/308\/revisions\/679"}],"wp:attachment":[{"href":"https:\/\/www.dev-sli.fr\/sli\/wp-json\/wp\/v2\/media?parent=308"}],"curies":[{"name":"wp","href":"https:\/\/api.w.org\/{rel}","templated":true}]}}