{"id":316,"date":"2020-12-21T17:48:55","date_gmt":"2020-12-21T16:48:55","guid":{"rendered":"http:\/\/localhost\/sli\/?page_id=316"},"modified":"2021-01-18T16:51:52","modified_gmt":"2021-01-18T15:51:52","slug":"telecom-web","status":"publish","type":"page","link":"https:\/\/www.dev-sli.fr\/sli\/telecom-web\/","title":{"rendered":"T\u00e9l\u00e9com"},"content":{"rendered":"\n<p>\u2022 Op\u00e9rateur t\u00e9l\u00e9com \u2022 T\u00e9l\u00e9phonie IP \u2022 Vid\u00e9o IP \u2022 Site web vitrine \u2022 R\u00e9f\u00e9rencement \u2022 Outil collaboratif<\/p>\n\n\n\n<p class=\"has-text-color has-medium-font-size\" style=\"color:#0071a1\"><strong>T\u00e9l\u00e9com<\/strong><\/p>\n\n\n\n<p>Op\u00e9rateur T\u00e9l\u00e9com, nous vous proposons de valoriser et simplifier toute l\u2019organisation de votre entreprise. Soyez assur\u00e9 de b\u00e9n\u00e9ficier des derniers outils collaboratif disponible sur le march\u00e9, T\u00e9l\u00e9phonie IP, IPBX, Interconnexion de sites distants, T\u00e9l\u00e9travail, Visioconf\u00e9rence, Wifi, liens ADSL, SDSL, Fibre optique, Abonnement et Forfait\u2026<\/p>\n\n\n\n<p>Notre solution + Conseils personnalis\u00e9s sur-mesure.<\/p>\n","protected":false},"excerpt":{"rendered":"<p>\u2022 Op\u00e9rateur t\u00e9l\u00e9com \u2022 T\u00e9l\u00e9phonie IP \u2022 Vid\u00e9o IP \u2022 Site web vitrine \u2022 R\u00e9f\u00e9rencement \u2022 Outil collaboratif T\u00e9l\u00e9com Op\u00e9rateur T\u00e9l\u00e9com, nous vous proposons de valoriser et simplifier toute l\u2019organisation de votre entreprise. Soyez assur\u00e9 de b\u00e9n\u00e9ficier des derniers outils collaboratif disponible sur le march\u00e9, T\u00e9l\u00e9phonie IP, IPBX, Interconnexion de sites distants, T\u00e9l\u00e9travail, Visioconf\u00e9rence, Wifi, [&hellip;]<\/p>\n","protected":false},"author":1,"featured_media":0,"parent":0,"menu_order":0,"comment_status":"closed","ping_status":"closed","template":"","meta":{"ngg_post_thumbnail":0,"footnotes":""},"class_list":["post-316","page","type-page","status-publish","hentry"],"yoast_head":"<!-- This site is optimized with the Yoast SEO plugin v23.8 - https:\/\/yoast.com\/wordpress\/plugins\/seo\/ -->\n<title>T\u00e9l\u00e9com &#8211; SOLUTION LOGIQUE<\/title>\n<meta name=\"robots\" content=\"index, follow, max-snippet:-1, max-image-preview:large, max-video-preview:-1\" \/>\n<link rel=\"canonical\" href=\"https:\/\/www.dev-sli.fr\/sli\/telecom-web\/\" \/>\n<meta property=\"og:locale\" content=\"fr_FR\" \/>\n<meta property=\"og:type\" content=\"article\" \/>\n<meta property=\"og:title\" content=\"T\u00e9l\u00e9com &#8211; SOLUTION LOGIQUE\" \/>\n<meta property=\"og:description\" content=\"\u2022 Op\u00e9rateur t\u00e9l\u00e9com \u2022 T\u00e9l\u00e9phonie IP \u2022 Vid\u00e9o IP \u2022 Site web vitrine \u2022 R\u00e9f\u00e9rencement \u2022 Outil collaboratif T\u00e9l\u00e9com Op\u00e9rateur T\u00e9l\u00e9com, nous vous proposons de valoriser et simplifier toute l\u2019organisation de votre entreprise. Soyez assur\u00e9 de b\u00e9n\u00e9ficier des derniers outils collaboratif disponible sur le march\u00e9, T\u00e9l\u00e9phonie IP, IPBX, Interconnexion de sites distants, T\u00e9l\u00e9travail, Visioconf\u00e9rence, Wifi, [&hellip;]\" \/>\n<meta property=\"og:url\" content=\"https:\/\/www.dev-sli.fr\/sli\/telecom-web\/\" \/>\n<meta property=\"og:site_name\" content=\"SOLUTION LOGIQUE\" \/>\n<meta property=\"article:modified_time\" content=\"2021-01-18T15:51:52+00:00\" \/>\n<meta name=\"twitter:card\" content=\"summary_large_image\" \/>\n<meta name=\"twitter:label1\" content=\"Dur\u00e9e de lecture estim\u00e9e\" \/>\n\t<meta name=\"twitter:data1\" content=\"1 minute\" \/>\n<script type=\"application\/ld+json\" class=\"yoast-schema-graph\">{\"@context\":\"https:\/\/schema.org\",\"@graph\":[{\"@type\":\"WebPage\",\"@id\":\"https:\/\/www.dev-sli.fr\/sli\/telecom-web\/\",\"url\":\"https:\/\/www.dev-sli.fr\/sli\/telecom-web\/\",\"name\":\"T\u00e9l\u00e9com &#8211; SOLUTION LOGIQUE\",\"isPartOf\":{\"@id\":\"https:\/\/www.dev-sli.fr\/sli\/#website\"},\"datePublished\":\"2020-12-21T16:48:55+00:00\",\"dateModified\":\"2021-01-18T15:51:52+00:00\",\"breadcrumb\":{\"@id\":\"https:\/\/www.dev-sli.fr\/sli\/telecom-web\/#breadcrumb\"},\"inLanguage\":\"fr-FR\",\"potentialAction\":[{\"@type\":\"ReadAction\",\"target\":[\"https:\/\/www.dev-sli.fr\/sli\/telecom-web\/\"]}]},{\"@type\":\"BreadcrumbList\",\"@id\":\"https:\/\/www.dev-sli.fr\/sli\/telecom-web\/#breadcrumb\",\"itemListElement\":[{\"@type\":\"ListItem\",\"position\":1,\"name\":\"Home\",\"item\":\"https:\/\/www.dev-sli.fr\/sli\/\"},{\"@type\":\"ListItem\",\"position\":2,\"name\":\"T\u00e9l\u00e9com\"}]},{\"@type\":\"WebSite\",\"@id\":\"https:\/\/www.dev-sli.fr\/sli\/#website\",\"url\":\"https:\/\/www.dev-sli.fr\/sli\/\",\"name\":\"SOLUTION LOGIQUE\",\"description\":\"Apporteur de solutions innovantes\",\"publisher\":{\"@id\":\"https:\/\/www.dev-sli.fr\/sli\/#organization\"},\"potentialAction\":[{\"@type\":\"SearchAction\",\"target\":{\"@type\":\"EntryPoint\",\"urlTemplate\":\"https:\/\/www.dev-sli.fr\/sli\/?s={search_term_string}\"},\"query-input\":{\"@type\":\"PropertyValueSpecification\",\"valueRequired\":true,\"valueName\":\"search_term_string\"}}],\"inLanguage\":\"fr-FR\"},{\"@type\":\"Organization\",\"@id\":\"https:\/\/www.dev-sli.fr\/sli\/#organization\",\"name\":\"SOLUTION LOGIQUE\",\"url\":\"https:\/\/www.dev-sli.fr\/sli\/\",\"logo\":{\"@type\":\"ImageObject\",\"inLanguage\":\"fr-FR\",\"@id\":\"https:\/\/www.dev-sli.fr\/sli\/#\/schema\/logo\/image\/\",\"url\":\"\",\"contentUrl\":\"\",\"caption\":\"SOLUTION LOGIQUE\"},\"image\":{\"@id\":\"https:\/\/www.dev-sli.fr\/sli\/#\/schema\/logo\/image\/\"}}]}<\/script>\n<!-- \/ Yoast SEO plugin. -->","yoast_head_json":{"title":"T\u00e9l\u00e9com &#8211; SOLUTION LOGIQUE","robots":{"index":"index","follow":"follow","max-snippet":"max-snippet:-1","max-image-preview":"max-image-preview:large","max-video-preview":"max-video-preview:-1"},"canonical":"https:\/\/www.dev-sli.fr\/sli\/telecom-web\/","og_locale":"fr_FR","og_type":"article","og_title":"T\u00e9l\u00e9com &#8211; SOLUTION LOGIQUE","og_description":"\u2022 Op\u00e9rateur t\u00e9l\u00e9com \u2022 T\u00e9l\u00e9phonie IP \u2022 Vid\u00e9o IP \u2022 Site web vitrine \u2022 R\u00e9f\u00e9rencement \u2022 Outil collaboratif T\u00e9l\u00e9com Op\u00e9rateur T\u00e9l\u00e9com, nous vous proposons de valoriser et simplifier toute l\u2019organisation de votre entreprise. Soyez assur\u00e9 de b\u00e9n\u00e9ficier des derniers outils collaboratif disponible sur le march\u00e9, T\u00e9l\u00e9phonie IP, IPBX, Interconnexion de sites distants, T\u00e9l\u00e9travail, Visioconf\u00e9rence, Wifi, [&hellip;]","og_url":"https:\/\/www.dev-sli.fr\/sli\/telecom-web\/","og_site_name":"SOLUTION LOGIQUE","article_modified_time":"2021-01-18T15:51:52+00:00","twitter_card":"summary_large_image","twitter_misc":{"Dur\u00e9e de lecture estim\u00e9e":"1 minute"},"schema":{"@context":"https:\/\/schema.org","@graph":[{"@type":"WebPage","@id":"https:\/\/www.dev-sli.fr\/sli\/telecom-web\/","url":"https:\/\/www.dev-sli.fr\/sli\/telecom-web\/","name":"T\u00e9l\u00e9com &#8211; SOLUTION LOGIQUE","isPartOf":{"@id":"https:\/\/www.dev-sli.fr\/sli\/#website"},"datePublished":"2020-12-21T16:48:55+00:00","dateModified":"2021-01-18T15:51:52+00:00","breadcrumb":{"@id":"https:\/\/www.dev-sli.fr\/sli\/telecom-web\/#breadcrumb"},"inLanguage":"fr-FR","potentialAction":[{"@type":"ReadAction","target":["https:\/\/www.dev-sli.fr\/sli\/telecom-web\/"]}]},{"@type":"BreadcrumbList","@id":"https:\/\/www.dev-sli.fr\/sli\/telecom-web\/#breadcrumb","itemListElement":[{"@type":"ListItem","position":1,"name":"Home","item":"https:\/\/www.dev-sli.fr\/sli\/"},{"@type":"ListItem","position":2,"name":"T\u00e9l\u00e9com"}]},{"@type":"WebSite","@id":"https:\/\/www.dev-sli.fr\/sli\/#website","url":"https:\/\/www.dev-sli.fr\/sli\/","name":"SOLUTION LOGIQUE","description":"Apporteur de solutions innovantes","publisher":{"@id":"https:\/\/www.dev-sli.fr\/sli\/#organization"},"potentialAction":[{"@type":"SearchAction","target":{"@type":"EntryPoint","urlTemplate":"https:\/\/www.dev-sli.fr\/sli\/?s={search_term_string}"},"query-input":{"@type":"PropertyValueSpecification","valueRequired":true,"valueName":"search_term_string"}}],"inLanguage":"fr-FR"},{"@type":"Organization","@id":"https:\/\/www.dev-sli.fr\/sli\/#organization","name":"SOLUTION LOGIQUE","url":"https:\/\/www.dev-sli.fr\/sli\/","logo":{"@type":"ImageObject","inLanguage":"fr-FR","@id":"https:\/\/www.dev-sli.fr\/sli\/#\/schema\/logo\/image\/","url":"","contentUrl":"","caption":"SOLUTION LOGIQUE"},"image":{"@id":"https:\/\/www.dev-sli.fr\/sli\/#\/schema\/logo\/image\/"}}]}},"_links":{"self":[{"href":"https:\/\/www.dev-sli.fr\/sli\/wp-json\/wp\/v2\/pages\/316","targetHints":{"allow":["GET"]}}],"collection":[{"href":"https:\/\/www.dev-sli.fr\/sli\/wp-json\/wp\/v2\/pages"}],"about":[{"href":"https:\/\/www.dev-sli.fr\/sli\/wp-json\/wp\/v2\/types\/page"}],"author":[{"embeddable":true,"href":"https:\/\/www.dev-sli.fr\/sli\/wp-json\/wp\/v2\/users\/1"}],"replies":[{"embeddable":true,"href":"https:\/\/www.dev-sli.fr\/sli\/wp-json\/wp\/v2\/comments?post=316"}],"version-history":[{"count":3,"href":"https:\/\/www.dev-sli.fr\/sli\/wp-json\/wp\/v2\/pages\/316\/revisions"}],"predecessor-version":[{"id":674,"href":"https:\/\/www.dev-sli.fr\/sli\/wp-json\/wp\/v2\/pages\/316\/revisions\/674"}],"wp:attachment":[{"href":"https:\/\/www.dev-sli.fr\/sli\/wp-json\/wp\/v2\/media?parent=316"}],"curies":[{"name":"wp","href":"https:\/\/api.w.org\/{rel}","templated":true}]}}