{"id":417,"date":"2020-12-30T11:03:43","date_gmt":"2020-12-30T10:03:43","guid":{"rendered":"http:\/\/localhost\/sli\/?page_id=417"},"modified":"2022-03-08T14:43:23","modified_gmt":"2022-03-08T13:43:23","slug":"formation","status":"publish","type":"page","link":"https:\/\/www.dev-sli.fr\/sli\/formation\/","title":{"rendered":"Formation  aux logiciels EBP"},"content":{"rendered":"\n<figure class=\"wp-block-gallery aligncenter has-nested-images columns-default wp-block-gallery-1 is-layout-flex wp-block-gallery-is-layout-flex\">\n<figure class=\"wp-block-image size-large\"><img loading=\"lazy\" decoding=\"async\" width=\"216\" height=\"233\" data-id=\"849\" src=\"http:\/\/localhost\/sli\/wp-content\/uploads\/2021\/06\/datadock.png\" alt=\"\" class=\"wp-image-849\"\/><\/figure>\n\n\n\n<figure class=\"wp-block-image size-large\"><img loading=\"lazy\" decoding=\"async\" width=\"383\" height=\"132\" data-id=\"720\" src=\"http:\/\/localhost\/sli\/wp-content\/uploads\/2021\/01\/qualiopi.png\" alt=\"\" class=\"wp-image-720\" srcset=\"https:\/\/www.dev-sli.fr\/sli\/wp-content\/uploads\/2021\/01\/qualiopi.png 383w, https:\/\/www.dev-sli.fr\/sli\/wp-content\/uploads\/2021\/01\/qualiopi-300x103.png 300w\" sizes=\"auto, (max-width: 383px) 100vw, 383px\" \/><\/figure>\n\n\n\n<figure class=\"wp-block-image size-large\"><img loading=\"lazy\" decoding=\"async\" width=\"264\" height=\"305\" data-id=\"745\" src=\"http:\/\/localhost\/sli\/wp-content\/uploads\/2021\/01\/certif-elit-2021.jpg\" alt=\"\" class=\"wp-image-745\" srcset=\"https:\/\/www.dev-sli.fr\/sli\/wp-content\/uploads\/2021\/01\/certif-elit-2021.jpg 264w, https:\/\/www.dev-sli.fr\/sli\/wp-content\/uploads\/2021\/01\/certif-elit-2021-260x300.jpg 260w\" sizes=\"auto, (max-width: 264px) 100vw, 264px\" \/><\/figure>\n<\/figure>\n\n\n\n<p class=\"has-drop-cap\"><strong>P<\/strong>our faire de chaque poste une plate-forme Rentable, productive et communicante, il convient de l\u2019\u00e9quiper des outils les plus ad\u00e9quats, mais surtout de former les utilisateurs afin de leur donner les cl\u00e9s, pour en exploiter judicieusement les ressources.<\/p>\n\n\n\n<p>Les formations que nous r\u00e9alisons sont organis\u00e9es d\u2019une ou plusieurs journ\u00e9es, individuelle ou en groupe , sur site client ou \u00e0 distance. Ces formations sont modulables et personnalis\u00e9es pour r\u00e9pondre aux besoins pr\u00e9cis de votre entreprise. Notre approche vous garantit une personnalisation du rythme et du contenu de la formation, aux attentes des utilisateurs, ainsi qu\u2019une adaptation des logiciels aux besoins de votre organisation. SOLUTION LOGIQUE dispose d\u2019une \u00e9quipe de Consultants professionnels \u00e0 votre \u00e9coute.<\/p>\n\n\n\n<p>Nos formations peuvent \u00eatre prises en charge financi\u00e8rement au titre de la formation professionnelle et\/ou ouvrir droit \u00e0 des avantages fiscaux. <strong>SOLUTION LOGIQUE dispose d&rsquo;un num\u00e9ro d&rsquo;agr\u00e9ment de formation : 82.74.00.741.74<\/strong><\/p>\n\n\n\n<div style=\"height:72px\" aria-hidden=\"true\" class=\"wp-block-spacer\"><\/div>\n\n\n\n<figure class=\"wp-block-gallery aligncenter has-nested-images columns-4 wp-block-gallery-2 is-layout-flex wp-block-gallery-is-layout-flex\">\n<figure class=\"wp-block-image size-large\"><img loading=\"lazy\" decoding=\"async\" width=\"384\" height=\"370\" data-id=\"731\" src=\"https:\/\/www.dev-sli.fr\/sli\/wp-content\/uploads\/2021\/01\/catalogue.png\" alt=\"\" class=\"wp-image-731\" srcset=\"https:\/\/www.dev-sli.fr\/sli\/wp-content\/uploads\/2021\/01\/catalogue.png 384w, https:\/\/www.dev-sli.fr\/sli\/wp-content\/uploads\/2021\/01\/catalogue-300x289.png 300w\" sizes=\"auto, (max-width: 384px) 100vw, 384px\" \/><figcaption>Support de cours<\/figcaption><\/figure>\n\n\n\n<figure class=\"wp-block-image size-large\"><img loading=\"lazy\" decoding=\"async\" width=\"225\" height=\"225\" data-id=\"718\" src=\"https:\/\/www.dev-sli.fr\/sli\/wp-content\/uploads\/2021\/01\/formation.jpg\" alt=\"Formation sur site\" class=\"wp-image-718\" srcset=\"https:\/\/www.dev-sli.fr\/sli\/wp-content\/uploads\/2021\/01\/formation.jpg 225w, https:\/\/www.dev-sli.fr\/sli\/wp-content\/uploads\/2021\/01\/formation-150x150.jpg 150w\" sizes=\"auto, (max-width: 225px) 100vw, 225px\" \/><figcaption>Formation sur site<\/figcaption><\/figure>\n\n\n\n<figure class=\"wp-block-image size-large\"><img loading=\"lazy\" decoding=\"async\" width=\"225\" height=\"224\" data-id=\"719\" src=\"https:\/\/www.dev-sli.fr\/sli\/wp-content\/uploads\/2021\/01\/formation2.png\" alt=\"\" class=\"wp-image-719\" srcset=\"https:\/\/www.dev-sli.fr\/sli\/wp-content\/uploads\/2021\/01\/formation2.png 225w, https:\/\/www.dev-sli.fr\/sli\/wp-content\/uploads\/2021\/01\/formation2-150x150.png 150w\" sizes=\"auto, (max-width: 225px) 100vw, 225px\" \/><figcaption>Formation \u00e0 distance<\/figcaption><\/figure>\n\n\n\n<figure class=\"wp-block-image size-large\"><img loading=\"lazy\" decoding=\"async\" width=\"162\" height=\"212\" data-id=\"862\" src=\"https:\/\/www.dev-sli.fr\/sli\/wp-content\/uploads\/2021\/06\/handicape.jpg\" alt=\"\" class=\"wp-image-862\"\/><figcaption>Acces Handicap\u00e9<\/figcaption><\/figure>\n<\/figure>\n\n\n\n<div class=\"wp-block-buttons is-horizontal is-content-justification-center is-layout-flex wp-container-core-buttons-is-layout-499968f5 wp-block-buttons-is-layout-flex\">\n<div class=\"wp-block-button is-style-fill\"><a class=\"wp-block-button__link has-white-color has-text-color has-background\" href=\"\/sli\/rejoindre-solution-logique\/contactez-nous\/\" style=\"background-color:#097dba\" target=\"_blank\" rel=\"noreferrer noopener\"><strong>Contacter Nous<\/strong><\/a><\/div>\n<\/div>\n","protected":false},"excerpt":{"rendered":"<p>Pour faire de chaque poste une plate-forme Rentable, productive et communicante, il convient de l\u2019\u00e9quiper des outils les plus ad\u00e9quats, mais surtout de former les utilisateurs afin de leur donner les cl\u00e9s, pour en exploiter judicieusement les ressources. Les formations que nous r\u00e9alisons sont organis\u00e9es d\u2019une ou plusieurs journ\u00e9es, individuelle ou en groupe , sur [&hellip;]<\/p>\n","protected":false},"author":1,"featured_media":0,"parent":0,"menu_order":0,"comment_status":"closed","ping_status":"closed","template":"","meta":{"ngg_post_thumbnail":0,"footnotes":""},"class_list":["post-417","page","type-page","status-publish","hentry"],"yoast_head":"<!-- This site is optimized with the Yoast SEO plugin v23.8 - https:\/\/yoast.com\/wordpress\/plugins\/seo\/ -->\n<title>Formation aux logiciels EBP &#8211; SOLUTION LOGIQUE<\/title>\n<meta name=\"robots\" content=\"index, follow, max-snippet:-1, max-image-preview:large, max-video-preview:-1\" \/>\n<link rel=\"canonical\" href=\"https:\/\/www.dev-sli.fr\/sli\/formation\/\" \/>\n<meta property=\"og:locale\" content=\"fr_FR\" \/>\n<meta property=\"og:type\" content=\"article\" \/>\n<meta property=\"og:title\" content=\"Formation aux logiciels EBP &#8211; SOLUTION LOGIQUE\" \/>\n<meta property=\"og:description\" content=\"Pour faire de chaque poste une plate-forme Rentable, productive et communicante, il convient de l\u2019\u00e9quiper des outils les plus ad\u00e9quats, mais surtout de former les utilisateurs afin de leur donner les cl\u00e9s, pour en exploiter judicieusement les ressources. Les formations que nous r\u00e9alisons sont organis\u00e9es d\u2019une ou plusieurs journ\u00e9es, individuelle ou en groupe , sur [&hellip;]\" \/>\n<meta property=\"og:url\" content=\"https:\/\/www.dev-sli.fr\/sli\/formation\/\" \/>\n<meta property=\"og:site_name\" content=\"SOLUTION LOGIQUE\" \/>\n<meta property=\"article:modified_time\" content=\"2022-03-08T13:43:23+00:00\" \/>\n<meta property=\"og:image\" content=\"http:\/\/localhost\/sli\/wp-content\/uploads\/2021\/06\/datadock.png\" \/>\n<meta name=\"twitter:card\" content=\"summary_large_image\" \/>\n<meta name=\"twitter:label1\" content=\"Dur\u00e9e de lecture estim\u00e9e\" \/>\n\t<meta name=\"twitter:data1\" content=\"3 minutes\" \/>\n<script type=\"application\/ld+json\" class=\"yoast-schema-graph\">{\"@context\":\"https:\/\/schema.org\",\"@graph\":[{\"@type\":\"WebPage\",\"@id\":\"https:\/\/www.dev-sli.fr\/sli\/formation\/\",\"url\":\"https:\/\/www.dev-sli.fr\/sli\/formation\/\",\"name\":\"Formation aux logiciels EBP &#8211; SOLUTION LOGIQUE\",\"isPartOf\":{\"@id\":\"https:\/\/www.dev-sli.fr\/sli\/#website\"},\"primaryImageOfPage\":{\"@id\":\"https:\/\/www.dev-sli.fr\/sli\/formation\/#primaryimage\"},\"image\":{\"@id\":\"https:\/\/www.dev-sli.fr\/sli\/formation\/#primaryimage\"},\"thumbnailUrl\":\"http:\/\/localhost\/sli\/wp-content\/uploads\/2021\/06\/datadock.png\",\"datePublished\":\"2020-12-30T10:03:43+00:00\",\"dateModified\":\"2022-03-08T13:43:23+00:00\",\"breadcrumb\":{\"@id\":\"https:\/\/www.dev-sli.fr\/sli\/formation\/#breadcrumb\"},\"inLanguage\":\"fr-FR\",\"potentialAction\":[{\"@type\":\"ReadAction\",\"target\":[\"https:\/\/www.dev-sli.fr\/sli\/formation\/\"]}]},{\"@type\":\"ImageObject\",\"inLanguage\":\"fr-FR\",\"@id\":\"https:\/\/www.dev-sli.fr\/sli\/formation\/#primaryimage\",\"url\":\"http:\/\/localhost\/sli\/wp-content\/uploads\/2021\/06\/datadock.png\",\"contentUrl\":\"http:\/\/localhost\/sli\/wp-content\/uploads\/2021\/06\/datadock.png\"},{\"@type\":\"BreadcrumbList\",\"@id\":\"https:\/\/www.dev-sli.fr\/sli\/formation\/#breadcrumb\",\"itemListElement\":[{\"@type\":\"ListItem\",\"position\":1,\"name\":\"Home\",\"item\":\"https:\/\/www.dev-sli.fr\/sli\/\"},{\"@type\":\"ListItem\",\"position\":2,\"name\":\"Formation aux logiciels EBP\"}]},{\"@type\":\"WebSite\",\"@id\":\"https:\/\/www.dev-sli.fr\/sli\/#website\",\"url\":\"https:\/\/www.dev-sli.fr\/sli\/\",\"name\":\"SOLUTION LOGIQUE\",\"description\":\"Apporteur de solutions innovantes\",\"publisher\":{\"@id\":\"https:\/\/www.dev-sli.fr\/sli\/#organization\"},\"potentialAction\":[{\"@type\":\"SearchAction\",\"target\":{\"@type\":\"EntryPoint\",\"urlTemplate\":\"https:\/\/www.dev-sli.fr\/sli\/?s={search_term_string}\"},\"query-input\":{\"@type\":\"PropertyValueSpecification\",\"valueRequired\":true,\"valueName\":\"search_term_string\"}}],\"inLanguage\":\"fr-FR\"},{\"@type\":\"Organization\",\"@id\":\"https:\/\/www.dev-sli.fr\/sli\/#organization\",\"name\":\"SOLUTION LOGIQUE\",\"url\":\"https:\/\/www.dev-sli.fr\/sli\/\",\"logo\":{\"@type\":\"ImageObject\",\"inLanguage\":\"fr-FR\",\"@id\":\"https:\/\/www.dev-sli.fr\/sli\/#\/schema\/logo\/image\/\",\"url\":\"\",\"contentUrl\":\"\",\"caption\":\"SOLUTION LOGIQUE\"},\"image\":{\"@id\":\"https:\/\/www.dev-sli.fr\/sli\/#\/schema\/logo\/image\/\"}}]}<\/script>\n<!-- \/ Yoast SEO plugin. -->","yoast_head_json":{"title":"Formation aux logiciels EBP &#8211; SOLUTION LOGIQUE","robots":{"index":"index","follow":"follow","max-snippet":"max-snippet:-1","max-image-preview":"max-image-preview:large","max-video-preview":"max-video-preview:-1"},"canonical":"https:\/\/www.dev-sli.fr\/sli\/formation\/","og_locale":"fr_FR","og_type":"article","og_title":"Formation aux logiciels EBP &#8211; SOLUTION LOGIQUE","og_description":"Pour faire de chaque poste une plate-forme Rentable, productive et communicante, il convient de l\u2019\u00e9quiper des outils les plus ad\u00e9quats, mais surtout de former les utilisateurs afin de leur donner les cl\u00e9s, pour en exploiter judicieusement les ressources. Les formations que nous r\u00e9alisons sont organis\u00e9es d\u2019une ou plusieurs journ\u00e9es, individuelle ou en groupe , sur [&hellip;]","og_url":"https:\/\/www.dev-sli.fr\/sli\/formation\/","og_site_name":"SOLUTION LOGIQUE","article_modified_time":"2022-03-08T13:43:23+00:00","og_image":[{"url":"http:\/\/localhost\/sli\/wp-content\/uploads\/2021\/06\/datadock.png"}],"twitter_card":"summary_large_image","twitter_misc":{"Dur\u00e9e de lecture estim\u00e9e":"3 minutes"},"schema":{"@context":"https:\/\/schema.org","@graph":[{"@type":"WebPage","@id":"https:\/\/www.dev-sli.fr\/sli\/formation\/","url":"https:\/\/www.dev-sli.fr\/sli\/formation\/","name":"Formation aux logiciels EBP &#8211; SOLUTION LOGIQUE","isPartOf":{"@id":"https:\/\/www.dev-sli.fr\/sli\/#website"},"primaryImageOfPage":{"@id":"https:\/\/www.dev-sli.fr\/sli\/formation\/#primaryimage"},"image":{"@id":"https:\/\/www.dev-sli.fr\/sli\/formation\/#primaryimage"},"thumbnailUrl":"http:\/\/localhost\/sli\/wp-content\/uploads\/2021\/06\/datadock.png","datePublished":"2020-12-30T10:03:43+00:00","dateModified":"2022-03-08T13:43:23+00:00","breadcrumb":{"@id":"https:\/\/www.dev-sli.fr\/sli\/formation\/#breadcrumb"},"inLanguage":"fr-FR","potentialAction":[{"@type":"ReadAction","target":["https:\/\/www.dev-sli.fr\/sli\/formation\/"]}]},{"@type":"ImageObject","inLanguage":"fr-FR","@id":"https:\/\/www.dev-sli.fr\/sli\/formation\/#primaryimage","url":"http:\/\/localhost\/sli\/wp-content\/uploads\/2021\/06\/datadock.png","contentUrl":"http:\/\/localhost\/sli\/wp-content\/uploads\/2021\/06\/datadock.png"},{"@type":"BreadcrumbList","@id":"https:\/\/www.dev-sli.fr\/sli\/formation\/#breadcrumb","itemListElement":[{"@type":"ListItem","position":1,"name":"Home","item":"https:\/\/www.dev-sli.fr\/sli\/"},{"@type":"ListItem","position":2,"name":"Formation aux logiciels EBP"}]},{"@type":"WebSite","@id":"https:\/\/www.dev-sli.fr\/sli\/#website","url":"https:\/\/www.dev-sli.fr\/sli\/","name":"SOLUTION LOGIQUE","description":"Apporteur de solutions innovantes","publisher":{"@id":"https:\/\/www.dev-sli.fr\/sli\/#organization"},"potentialAction":[{"@type":"SearchAction","target":{"@type":"EntryPoint","urlTemplate":"https:\/\/www.dev-sli.fr\/sli\/?s={search_term_string}"},"query-input":{"@type":"PropertyValueSpecification","valueRequired":true,"valueName":"search_term_string"}}],"inLanguage":"fr-FR"},{"@type":"Organization","@id":"https:\/\/www.dev-sli.fr\/sli\/#organization","name":"SOLUTION LOGIQUE","url":"https:\/\/www.dev-sli.fr\/sli\/","logo":{"@type":"ImageObject","inLanguage":"fr-FR","@id":"https:\/\/www.dev-sli.fr\/sli\/#\/schema\/logo\/image\/","url":"","contentUrl":"","caption":"SOLUTION LOGIQUE"},"image":{"@id":"https:\/\/www.dev-sli.fr\/sli\/#\/schema\/logo\/image\/"}}]}},"_links":{"self":[{"href":"https:\/\/www.dev-sli.fr\/sli\/wp-json\/wp\/v2\/pages\/417","targetHints":{"allow":["GET"]}}],"collection":[{"href":"https:\/\/www.dev-sli.fr\/sli\/wp-json\/wp\/v2\/pages"}],"about":[{"href":"https:\/\/www.dev-sli.fr\/sli\/wp-json\/wp\/v2\/types\/page"}],"author":[{"embeddable":true,"href":"https:\/\/www.dev-sli.fr\/sli\/wp-json\/wp\/v2\/users\/1"}],"replies":[{"embeddable":true,"href":"https:\/\/www.dev-sli.fr\/sli\/wp-json\/wp\/v2\/comments?post=417"}],"version-history":[{"count":29,"href":"https:\/\/www.dev-sli.fr\/sli\/wp-json\/wp\/v2\/pages\/417\/revisions"}],"predecessor-version":[{"id":1053,"href":"https:\/\/www.dev-sli.fr\/sli\/wp-json\/wp\/v2\/pages\/417\/revisions\/1053"}],"wp:attachment":[{"href":"https:\/\/www.dev-sli.fr\/sli\/wp-json\/wp\/v2\/media?parent=417"}],"curies":[{"name":"wp","href":"https:\/\/api.w.org\/{rel}","templated":true}]}}