{"id":7,"date":"2020-12-04T09:40:01","date_gmt":"2020-12-04T08:40:01","guid":{"rendered":"http:\/\/localhost\/sli\/?page_id=3"},"modified":"2021-05-21T14:31:59","modified_gmt":"2021-05-21T12:31:59","slug":"politique-de-confidentialite-2","status":"publish","type":"page","link":"https:\/\/www.dev-sli.fr\/sli\/politique-de-confidentialite-2\/","title":{"rendered":"Mentions l\u00e9gales"},"content":{"rendered":"<p>&nbsp;<\/p>\n<p>SOLUTION LOGIQUE Informatique a \u00e0 coeur de tout mettre en oeuvre afin de prot\u00e9ger vos donn\u00e9es personnelles.&nbsp; Par ce document il tient \u00e0 vous communiquer en toute transparence les modalit\u00e9s de cette derni\u00e8re. En poursuivant votre navigation vous d\u00e9clarez accepter les termes de la pr\u00e9sente Politique de confidentialit\u00e9 des donn\u00e9es personnelle.<\/p>\n<p>Pour toutes informations compl\u00e9mentaires nous vous invitons \u00e0 consulter le site <u><a href=\"https:\/\/www.cnil.fr.\/\">https:\/\/www.cnil.fr.\/<\/a><\/u>&nbsp;<\/p>\n<p>Les pr\u00e9sentes conditions d\u2019utilisation du site sont r\u00e9gies par la loi fran\u00e7aise et soumises \u00e0 la comp\u00e9tence des tribunaux du si\u00e8ge social de l\u2019\u00e9diteur, sous r\u00e9serve d\u2019une attribution de comp\u00e9tence sp\u00e9cifique d\u00e9coulant d\u2019un texte de loi ou r\u00e9glementaire particulier.&nbsp;<\/p>\n<p>Le responsable du traitement d\u00e9clare qu\u2019il effectue des traitements de donn\u00e9es personnelles conform\u00e9ment au r\u00e8glement (UE) 2016\/679 du Parlement europ\u00e9en et du Conseil du 27 avril 2016, relatif \u00e0 la protection des personnes physiques \u00e0 l\u2019\u00e9gard du traitement des donn\u00e9es \u00e0 caract\u00e8re personnel et \u00e0 la libre circulation de ces donn\u00e9es (ci-apr\u00e8s d\u00e9sign\u00e9 le RGPD) et \u00e0 la loi fran\u00e7aise n\u00b078-27 du 6 janvier 1978 relative \u00e0 l\u2019informatique, aux fichiers et aux libert\u00e9s( modifi\u00e9es)&nbsp;<\/p>\n<h4><strong>Application de la politique sur la protection des donn\u00e9es personnelles<\/strong><\/h4>\n<p>SOLUTION LOGIQUE informatique applique la politique de protection des donn\u00e9es personnelles d\u00e9crites ci dessous \u00e0 l\u2019ensemble de ses produits, sites et services \u00e9dit\u00e9s et distribu\u00e9s par son biais.<\/p>\n<p>Par cons\u00e9quent l\u2019utilisation des sites internet, services, bien ou de ses produits n\u00e9cessite l\u2019acceptation de la pr\u00e9sente politique g\u00e9n\u00e9rale sur la protection des donn\u00e9es personnelles du groupe SOLUTION LOGIQUE Informatique.<\/p>\n<h4><strong>Type de donn\u00e9es personnelles collect\u00e9es<\/strong><\/h4>\n<p>Par donn\u00e9e \u00e0 caract\u00e8re personnel, SOLUTION LOGIQUE Informatique entend identification directe ou indirecte d\u2019une personne physique par le biais d\u2019une information.&nbsp;<\/p>\n<p>SOLUTION LOGIQUE Informatique collecte uniquement des donn\u00e9es personnelles&nbsp; pertinentes, dans le but d\u2019amoindrir le plus possible leur nombre; ce qui permet de maximiser la protection de ces derni\u00e8res afin de ne traiter que des donn\u00e9es ad\u00e9quates aux finalit\u00e9s auxquelles elles sont vou\u00e9es.&nbsp;<\/p>\n<p>SOLUTION LOGIQUE informatique s\u2019engage \u00e0 vous communiquer le type de donn\u00e9es personnelles collect\u00e9es par la pr\u00e9sente politique g\u00e9n\u00e9rale sur la protection des donn\u00e9es personnelles: elles peuvent \u00eatre de nature identitaires , il peut s\u2019agir de vos coordonn\u00e9es personnelles et professionnelles de type t\u00e9l\u00e9phonique, postales\u2026<\/p>\n<p>Lorsque vous effectuez une demande pour un tiers, nous collectons \u00e9galement ces informations. Par cons\u00e9quent vous prenez la responsabilit\u00e9 de v\u00e9rifier que vous respectez vous m\u00eame la r\u00e9glementation en mati\u00e8re de protection des donn\u00e9es \u00e0 caract\u00e8res personnelles en nous transf\u00e9rant les donn\u00e9es de ce tiers.&nbsp;<\/p>\n<h4><strong>Moyens de collecte des donn\u00e9es personnelles<\/strong><\/h4>\n<p>Les donn\u00e9es sont collect\u00e9es g\u00e9n\u00e9ralement lorsque les personnes vont:&nbsp;<\/p>\n<ul>\n<li>Cr\u00e9er&nbsp; ou modifier un espace connect\u00e9<\/li>\n<li>Demander \u00e0 \u00eatre contact\u00e9<\/li>\n<li>Naviguer sur un des sites du groupe SOLUTION LOGIQUE Informatique.<\/li>\n<\/ul>\n<h4><strong>Les donn\u00e9es personnelles sont collect\u00e9es par le biais de cookies.<\/strong><\/h4>\n<p>Un cookie est un petit fichier texte d\u00e9pos\u00e9 sur le disque dur du terminal par le serveur du Site web que l\u2019internaute visite. L\u2019utilisateur a la possibilit\u00e9 de d\u00e9sactiver les cookies \u00e0 partir des param\u00e8tres de son navigateur.<\/p>\n<p>Leur pr\u00e9sence ne pr\u00e9sente aucun risque d\u2019alt\u00e9ration pour votre terminal.<\/p>\n<p>Pour plus d\u2019informations sur l\u2019utilisation, la gestion et la suppression des cookies, pour tout type de navigateur, nous vous invitons \u00e0 consulter le lien suivant :&nbsp;<a href=\"https:\/\/www.cnil.fr\/fr\/cookies-les-outils-pour-les-maitriser\">https:\/\/www.cnil.fr\/fr\/cookies-les-outils-pour-les-maitriser<\/a><\/p>\n<p>Il existe plusieurs types de cookies :<\/p>\n<ul>\n<li>Cookies de navigation<\/li>\n<li>Cookies de fonctionnalit\u00e9s<\/li>\n<li>Cookies de mesures d\u2019audience<\/li>\n<li>Cookies de ciblage \/ publicit\u00e9<\/li>\n<\/ul>\n<h4><strong>Finalit\u00e9 et exploitation des donn\u00e9es collect\u00e9es<\/strong><\/h4>\n<ul>\n<li>Adresser des communications commerciales cibl\u00e9es ou non&nbsp;<\/li>\n<li>Pouvoir personnaliser les offres\/ produits qui pourraient vous int\u00e9resser&nbsp;<\/li>\n<li>Pouvoir r\u00e9aliser des statistiques<\/li>\n<li>Pouvoir mesurer les impacts des communications d\u00e9ploy\u00e9es<\/li>\n<li>R\u00e9aliser des analyses marketing afin d\u2019affiner nos offres<\/li>\n<li>Mettre en ligne les commentaires et les contenus post\u00e9s sur les r\u00e9seaux sociau<\/li>\n<\/ul>\n<h4><strong>Dur\u00e9e de conservation des donn\u00e9es personnelles<\/strong><\/h4>\n<p>En ad\u00e9quation avec la RGPD, SOLUTION LOGIQUE Informatique conserve les donn\u00e9es pendant 36 mois \u00e0 compter de la date de la derni\u00e8re r\u00e9alisation de prestation.<\/p>\n<p>Les autres donn\u00e9es, comme celles relatives \u00e0 vos commandes, font l\u2019objet d\u2019un archivage dont la dur\u00e9e r\u00e9pond \u00e0 la prescription l\u00e9gale ou r\u00e9glementaire.&nbsp;&nbsp;<\/p>\n<p>En cas de proc\u00e9dure contentieuse , vos informations et donn\u00e9es personnelles peuvent \u00eatre conserv\u00e9es durant toute la dur\u00e9e de la proc\u00e9dure quelque soit sa nature.&nbsp;<\/p>\n<p>Les donn\u00e9es personnelles collect\u00e9es par le biais de cookies sont conserv\u00e9es 13 mois.&nbsp;<\/p>\n<p>SOLUTION LOGIQUE Informatique s\u2019engage \u00e0 anonymiser ou effacer vos donn\u00e9es pass\u00e9 ces d\u00e9lais.<\/p>\n<h4><strong>H\u00e9bergement des donn\u00e9es personnelles<\/strong><\/h4>\n<p>Vos donn\u00e9es sont stock\u00e9es sur des serveurs chez OVH se trouvant dans l\u2019Union Europ\u00e9enne.<\/p>\n<h4><strong>S\u00e9curit\u00e9 des donn\u00e9es personnelles<\/strong><\/h4>\n<p>SOLUTION LOGIQUE&nbsp; Informatique met tout en oeuvre afin de s\u00e9curiser les donn\u00e9es personnelles des internautes en utilisant des moyens techniques de contr\u00f4le des serveurs. De plus ,des mesures physiques et proc\u00e9durales sont mises en oeuvres lors de la r\u00e9cup\u00e9ration et\/ou du traitement et\/ou du stockage et\/ou du transfert.<\/p>\n<p>Nonobstant ces mesures, vous devez s\u00e9curiser vous m\u00eame votre compte avec un mot de passe.&nbsp;<\/p>\n<p>Votre mot de passe ne vous sera jamais retourn\u00e9 par mail, m\u00eame si vous cliquez sur \u201cmot de passe oubli\u00e9\u201d: un lien de r\u00e9initialisation vous sera alors envoy\u00e9 sur votre adresse mail.&nbsp;<\/p>\n<p>Internet \u00e9tant un r\u00e9seau immens\u00e9ment vaste nous ne pouvons vous garantir l\u2019inviolabilit\u00e9 de nos bases mais SOLUTION LOGIQUE mettra tout en oeuvre pour \u00e9viter toutes violations de ses syst\u00e8mes.&nbsp;<\/p>\n<h4><strong>Transfert des donn\u00e9es personnelles<\/strong><\/h4>\n<p>Le responsable du traitement n\u2019a pas l\u2019intention d\u2019effectuer un transfert de donn\u00e9es \u00e0 caract\u00e8re personnel vers un pays tiers ou \u00e0 une organisation internationale. N\u00e9anmoins, les donn\u00e9es des clients sont susceptibles d\u2019\u00eatre transf\u00e9r\u00e9es hors UE (notamment au Maroc).&nbsp; Dans ce contexte des r\u00e8gles d\u2019entreprises contraignantes seront appliqu\u00e9es conform\u00e9ment au RGPD.<\/p>\n<p>SOLUTION LOGIQUE requiert aupr\u00e8s de ses prestataires et partenaires le m\u00eame niveau de s\u00e9curit\u00e9 et de bienveillance sur la gestion et le stockage des donn\u00e9es personnelles collect\u00e9es dans le but de garantir leur inalt\u00e9rabilit\u00e9 et leur s\u00e9curit\u00e9.&nbsp;<\/p>\n<p>Modification de la politique g\u00e9n\u00e9rale sur la protection des donn\u00e9es personnelles au sein du groupe SOLUTION LOGIQUE<\/p>\n<p>SOLUTION LOGIQUE Informatique peut modifier la pr\u00e9sente politique de protection des donn\u00e9es personnelle.<\/p>\n<p>Toute navigation post\u00e9rieure \u00e0 cette modification de la politique de la part d\u2019un internaute pr\u00e9sume d\u2019une acceptation expresse de cette derni\u00e8re.&nbsp;<\/p>\n<h4><strong>Vos droits<\/strong><\/h4>\n<p>Afin d\u2019\u00eatre en ad\u00e9quation avec l\u2019application de la r\u00e9glementation sur la gestion des donn\u00e9es \u00e0 caract\u00e8re personnel, les utilisateurs disposent des droits suivants:&nbsp;<\/p>\n<ul>\n<li>Droit de portabilit\u00e9<\/li>\n<li>Droit d\u2019acc\u00e8s<\/li>\n<li>Droit \u00e0 la limitation du traitement<\/li>\n<li>Droit de suppression&nbsp;<\/li>\n<li>Droit de rectification&nbsp;<\/li>\n<\/ul>\n<p>Exercez vos droits<\/p>\n<p>Vous pouvez exercez vos droits en nous contactant par mail \u00e0 l\u2019adresse contact@solution-logique.fr<\/p>\n<p>&nbsp;<\/p>\n","protected":false},"excerpt":{"rendered":"<p>&nbsp; SOLUTION LOGIQUE Informatique a \u00e0 coeur de tout mettre en oeuvre afin de prot\u00e9ger vos donn\u00e9es personnelles.&nbsp; Par ce document il tient \u00e0 vous communiquer en toute transparence les modalit\u00e9s de cette derni\u00e8re. En poursuivant votre navigation vous d\u00e9clarez accepter les termes de la pr\u00e9sente Politique de confidentialit\u00e9 des donn\u00e9es personnelle. Pour toutes informations [&hellip;]<\/p>\n","protected":false},"author":1,"featured_media":0,"parent":0,"menu_order":0,"comment_status":"closed","ping_status":"open","template":"","meta":{"ngg_post_thumbnail":0,"footnotes":""},"class_list":["post-7","page","type-page","status-publish","hentry"],"yoast_head":"<!-- This site is optimized with the Yoast SEO plugin v23.8 - https:\/\/yoast.com\/wordpress\/plugins\/seo\/ -->\n<title>Mentions l\u00e9gales &#8211; SOLUTION LOGIQUE<\/title>\n<meta name=\"robots\" content=\"index, follow, max-snippet:-1, max-image-preview:large, max-video-preview:-1\" \/>\n<link rel=\"canonical\" href=\"https:\/\/www.dev-sli.fr\/sli\/politique-de-confidentialite-2\/\" \/>\n<meta property=\"og:locale\" content=\"fr_FR\" \/>\n<meta property=\"og:type\" content=\"article\" \/>\n<meta property=\"og:title\" content=\"Mentions l\u00e9gales &#8211; SOLUTION LOGIQUE\" \/>\n<meta property=\"og:description\" content=\"&nbsp; SOLUTION LOGIQUE Informatique a \u00e0 coeur de tout mettre en oeuvre afin de prot\u00e9ger vos donn\u00e9es personnelles.&nbsp; Par ce document il tient \u00e0 vous communiquer en toute transparence les modalit\u00e9s de cette derni\u00e8re. En poursuivant votre navigation vous d\u00e9clarez accepter les termes de la pr\u00e9sente Politique de confidentialit\u00e9 des donn\u00e9es personnelle. Pour toutes informations [&hellip;]\" \/>\n<meta property=\"og:url\" content=\"https:\/\/www.dev-sli.fr\/sli\/politique-de-confidentialite-2\/\" \/>\n<meta property=\"og:site_name\" content=\"SOLUTION LOGIQUE\" \/>\n<meta property=\"article:modified_time\" content=\"2021-05-21T12:31:59+00:00\" \/>\n<meta name=\"twitter:card\" content=\"summary_large_image\" \/>\n<meta name=\"twitter:label1\" content=\"Dur\u00e9e de lecture estim\u00e9e\" \/>\n\t<meta name=\"twitter:data1\" content=\"5 minutes\" \/>\n<script type=\"application\/ld+json\" class=\"yoast-schema-graph\">{\"@context\":\"https:\/\/schema.org\",\"@graph\":[{\"@type\":\"WebPage\",\"@id\":\"https:\/\/www.dev-sli.fr\/sli\/politique-de-confidentialite-2\/\",\"url\":\"https:\/\/www.dev-sli.fr\/sli\/politique-de-confidentialite-2\/\",\"name\":\"Mentions l\u00e9gales &#8211; SOLUTION LOGIQUE\",\"isPartOf\":{\"@id\":\"https:\/\/www.dev-sli.fr\/sli\/#website\"},\"datePublished\":\"2020-12-04T08:40:01+00:00\",\"dateModified\":\"2021-05-21T12:31:59+00:00\",\"breadcrumb\":{\"@id\":\"https:\/\/www.dev-sli.fr\/sli\/politique-de-confidentialite-2\/#breadcrumb\"},\"inLanguage\":\"fr-FR\",\"potentialAction\":[{\"@type\":\"ReadAction\",\"target\":[\"https:\/\/www.dev-sli.fr\/sli\/politique-de-confidentialite-2\/\"]}]},{\"@type\":\"BreadcrumbList\",\"@id\":\"https:\/\/www.dev-sli.fr\/sli\/politique-de-confidentialite-2\/#breadcrumb\",\"itemListElement\":[{\"@type\":\"ListItem\",\"position\":1,\"name\":\"Home\",\"item\":\"https:\/\/www.dev-sli.fr\/sli\/\"},{\"@type\":\"ListItem\",\"position\":2,\"name\":\"Mentions l\u00e9gales\"}]},{\"@type\":\"WebSite\",\"@id\":\"https:\/\/www.dev-sli.fr\/sli\/#website\",\"url\":\"https:\/\/www.dev-sli.fr\/sli\/\",\"name\":\"SOLUTION LOGIQUE\",\"description\":\"Apporteur de solutions innovantes\",\"publisher\":{\"@id\":\"https:\/\/www.dev-sli.fr\/sli\/#organization\"},\"potentialAction\":[{\"@type\":\"SearchAction\",\"target\":{\"@type\":\"EntryPoint\",\"urlTemplate\":\"https:\/\/www.dev-sli.fr\/sli\/?s={search_term_string}\"},\"query-input\":{\"@type\":\"PropertyValueSpecification\",\"valueRequired\":true,\"valueName\":\"search_term_string\"}}],\"inLanguage\":\"fr-FR\"},{\"@type\":\"Organization\",\"@id\":\"https:\/\/www.dev-sli.fr\/sli\/#organization\",\"name\":\"SOLUTION LOGIQUE\",\"url\":\"https:\/\/www.dev-sli.fr\/sli\/\",\"logo\":{\"@type\":\"ImageObject\",\"inLanguage\":\"fr-FR\",\"@id\":\"https:\/\/www.dev-sli.fr\/sli\/#\/schema\/logo\/image\/\",\"url\":\"\",\"contentUrl\":\"\",\"caption\":\"SOLUTION LOGIQUE\"},\"image\":{\"@id\":\"https:\/\/www.dev-sli.fr\/sli\/#\/schema\/logo\/image\/\"}}]}<\/script>\n<!-- \/ Yoast SEO plugin. -->","yoast_head_json":{"title":"Mentions l\u00e9gales &#8211; SOLUTION LOGIQUE","robots":{"index":"index","follow":"follow","max-snippet":"max-snippet:-1","max-image-preview":"max-image-preview:large","max-video-preview":"max-video-preview:-1"},"canonical":"https:\/\/www.dev-sli.fr\/sli\/politique-de-confidentialite-2\/","og_locale":"fr_FR","og_type":"article","og_title":"Mentions l\u00e9gales &#8211; SOLUTION LOGIQUE","og_description":"&nbsp; SOLUTION LOGIQUE Informatique a \u00e0 coeur de tout mettre en oeuvre afin de prot\u00e9ger vos donn\u00e9es personnelles.&nbsp; Par ce document il tient \u00e0 vous communiquer en toute transparence les modalit\u00e9s de cette derni\u00e8re. En poursuivant votre navigation vous d\u00e9clarez accepter les termes de la pr\u00e9sente Politique de confidentialit\u00e9 des donn\u00e9es personnelle. Pour toutes informations [&hellip;]","og_url":"https:\/\/www.dev-sli.fr\/sli\/politique-de-confidentialite-2\/","og_site_name":"SOLUTION LOGIQUE","article_modified_time":"2021-05-21T12:31:59+00:00","twitter_card":"summary_large_image","twitter_misc":{"Dur\u00e9e de lecture estim\u00e9e":"5 minutes"},"schema":{"@context":"https:\/\/schema.org","@graph":[{"@type":"WebPage","@id":"https:\/\/www.dev-sli.fr\/sli\/politique-de-confidentialite-2\/","url":"https:\/\/www.dev-sli.fr\/sli\/politique-de-confidentialite-2\/","name":"Mentions l\u00e9gales &#8211; SOLUTION LOGIQUE","isPartOf":{"@id":"https:\/\/www.dev-sli.fr\/sli\/#website"},"datePublished":"2020-12-04T08:40:01+00:00","dateModified":"2021-05-21T12:31:59+00:00","breadcrumb":{"@id":"https:\/\/www.dev-sli.fr\/sli\/politique-de-confidentialite-2\/#breadcrumb"},"inLanguage":"fr-FR","potentialAction":[{"@type":"ReadAction","target":["https:\/\/www.dev-sli.fr\/sli\/politique-de-confidentialite-2\/"]}]},{"@type":"BreadcrumbList","@id":"https:\/\/www.dev-sli.fr\/sli\/politique-de-confidentialite-2\/#breadcrumb","itemListElement":[{"@type":"ListItem","position":1,"name":"Home","item":"https:\/\/www.dev-sli.fr\/sli\/"},{"@type":"ListItem","position":2,"name":"Mentions l\u00e9gales"}]},{"@type":"WebSite","@id":"https:\/\/www.dev-sli.fr\/sli\/#website","url":"https:\/\/www.dev-sli.fr\/sli\/","name":"SOLUTION LOGIQUE","description":"Apporteur de solutions innovantes","publisher":{"@id":"https:\/\/www.dev-sli.fr\/sli\/#organization"},"potentialAction":[{"@type":"SearchAction","target":{"@type":"EntryPoint","urlTemplate":"https:\/\/www.dev-sli.fr\/sli\/?s={search_term_string}"},"query-input":{"@type":"PropertyValueSpecification","valueRequired":true,"valueName":"search_term_string"}}],"inLanguage":"fr-FR"},{"@type":"Organization","@id":"https:\/\/www.dev-sli.fr\/sli\/#organization","name":"SOLUTION LOGIQUE","url":"https:\/\/www.dev-sli.fr\/sli\/","logo":{"@type":"ImageObject","inLanguage":"fr-FR","@id":"https:\/\/www.dev-sli.fr\/sli\/#\/schema\/logo\/image\/","url":"","contentUrl":"","caption":"SOLUTION LOGIQUE"},"image":{"@id":"https:\/\/www.dev-sli.fr\/sli\/#\/schema\/logo\/image\/"}}]}},"_links":{"self":[{"href":"https:\/\/www.dev-sli.fr\/sli\/wp-json\/wp\/v2\/pages\/7","targetHints":{"allow":["GET"]}}],"collection":[{"href":"https:\/\/www.dev-sli.fr\/sli\/wp-json\/wp\/v2\/pages"}],"about":[{"href":"https:\/\/www.dev-sli.fr\/sli\/wp-json\/wp\/v2\/types\/page"}],"author":[{"embeddable":true,"href":"https:\/\/www.dev-sli.fr\/sli\/wp-json\/wp\/v2\/users\/1"}],"replies":[{"embeddable":true,"href":"https:\/\/www.dev-sli.fr\/sli\/wp-json\/wp\/v2\/comments?post=7"}],"version-history":[{"count":5,"href":"https:\/\/www.dev-sli.fr\/sli\/wp-json\/wp\/v2\/pages\/7\/revisions"}],"predecessor-version":[{"id":816,"href":"https:\/\/www.dev-sli.fr\/sli\/wp-json\/wp\/v2\/pages\/7\/revisions\/816"}],"wp:attachment":[{"href":"https:\/\/www.dev-sli.fr\/sli\/wp-json\/wp\/v2\/media?parent=7"}],"curies":[{"name":"wp","href":"https:\/\/api.w.org\/{rel}","templated":true}]}}