{"id":798,"date":"2021-04-30T16:41:47","date_gmt":"2021-04-30T14:41:47","guid":{"rendered":"http:\/\/localhost\/sli\/?page_id=798"},"modified":"2022-03-09T12:14:42","modified_gmt":"2022-03-09T11:14:42","slug":"formation-ebp-conditions","status":"publish","type":"page","link":"https:\/\/www.dev-sli.fr\/sli\/formation-ebp-conditions\/","title":{"rendered":"Programme de Formation EBP"},"content":{"rendered":"\n<p><\/p>\n\n\n\n<div class=\"wp-block-media-text alignwide is-stacked-on-mobile is-vertically-aligned-center\" style=\"grid-template-columns:35% auto\"><figure class=\"wp-block-media-text__media\"><img loading=\"lazy\" decoding=\"async\" width=\"383\" height=\"132\" src=\"http:\/\/localhost\/sli\/wp-content\/uploads\/2021\/01\/qualiopi.png\" alt=\"\" class=\"wp-image-720 size-full\" srcset=\"https:\/\/www.dev-sli.fr\/sli\/wp-content\/uploads\/2021\/01\/qualiopi.png 383w, https:\/\/www.dev-sli.fr\/sli\/wp-content\/uploads\/2021\/01\/qualiopi-300x103.png 300w\" sizes=\"auto, (max-width: 383px) 100vw, 383px\" \/><\/figure><div class=\"wp-block-media-text__content\">\n<p style=\"font-size:17px\">Solution logique vous propose une gamme de formation compl\u00e8te et personnalis\u00e9es dans vos locaux.&nbsp;&nbsp;Chaque formation est adapt\u00e9e selon vos besoins quel que soit le niveau, initiation ou perfectionnement. <strong>Certifi\u00e9 Qualiopi, <\/strong>votre dossier est&nbsp;peut \u00eatre&nbsp;pris en charge par votre OPCO Num\u00e9ro d\u2019agr\u00e9ment d\u2019activit\u00e9 de formation&nbsp;: 82.74.00.741.74<\/p>\n<\/div><\/div>\n\n\n\n<p>Formations r\u00e9alis\u00e9es sur 2019&nbsp;: 309 heures \u2013 30 participants<\/p>\n\n\n\n<p><strong>Profil des intervenants :<\/strong><\/p>\n\n\n\n<p>Consultant formateur expert dans leur domaine. Certifi\u00e9 par EBP Acad\u00e9mie.&nbsp;<\/p>\n\n\n<p>Nos formations sont accessibles selon les modalit\u00e9s ci-dessous&nbsp;:<\/p>\n<p>&nbsp;<\/p>\n<p><strong>Les modalit\u00e9s de formation<\/strong><\/p>\n<p>Intra-entreprise, c\u2019est-\u00e0-dire en groupe de stagiaire de la m\u00eame entreprise.Maximum 3 personnes par session de formation<\/p>\n<p>Individuel<\/p>\n<p><strong style=\"font-size: revert; color: initial;\"><br>Les formations peuvent avoir lieu<\/strong><\/p>\n<p><strong>&nbsp;<\/strong><span style=\"color: initial;\">En pr\u00e9sentiel, dans les locaux de <\/span><a href=\"https:\/\/www.google.com\/maps\/place\/475+Rte+des+Vernes,+74370+Annecy\/@45.9395636,6.1269188,17z\/data=!3m1!4b1!4m5!3m4!1s0x478b8f7d514f09dd:0x2698ed889ff17729!8m2!3d45.9395636!4d6.1291075\">Solution Logique<\/a><\/p>\n<p>Nos locaux peuvent \u00e9galement vous accueillir et sont adapt\u00e9s aux personnes \u00e0 mobilit\u00e9 r\u00e9duite.<\/p>\n<ul>\n<li>En pr\u00e9sentiel, dans les locaux de votre entreprise<\/li>\n<li>En distanciel via Internet en utilisant l\u2019application ISL Online <a href=\"https:\/\/www.islonline.com\/fr\/fr\/\">https:\/\/www.islonline.com\/fr\/fr\/<\/a><\/li>\n<li>Mixe<\/li>\n<\/ul>\n<p><strong>D\u00e9lais d\u2019acc\u00e8s en formation Intra-entreprise et Individuel<\/strong><\/p>\n<p>Solution Logique vous proposera des dates le plus t\u00f4t possible en fonction de vos disponibilit\u00e9s et de celles du formateur pressenti. Pour pouvoir d\u00e9marrer la formation,&nbsp;votre rapidit\u00e9 de r\u00e9ponse sur toutes les questions administratives&nbsp;permettra d\u2019acc\u00e9l\u00e9rer le d\u00e9marrage de votre formation.<\/p>\n<p>Vous \u00eates acteur de votre demande et seul d\u00e9cisionnaire, les d\u00e9lais de traitement sont donc tr\u00e8s rapides si une date de formation est d\u00e9j\u00e0 fix\u00e9e.<\/p>\n<p><strong>Modalit\u00e9s de financement<\/strong><\/p>\n<p>Plusieurs modes de financement vous permettent d\u2019acc\u00e9der \u00e0 nos formations en tant que salari\u00e9 via votre entreprise ou en tant que particulier (salari\u00e9, demandeur d\u2019emploi ou ind\u00e9pendant).&nbsp;La question du financement d\u2019une formation peut s\u2019av\u00e9rer complexe et ram\u00e8ne bien souvent \u00e0 de nombreux financeurs ou dispositifs.<\/p>\n<p><strong>Les diff\u00e9rents organismes financeurs <\/strong><\/p>\n<ul>\n<li><strong>Les OPCOS<\/strong><\/li>\n<\/ul>\n<p>Au service des salari\u00e9s et des entreprises, les OPCO, qui sont des op\u00e9rateurs de comp\u00e9tences. Pour savoir \u00e0 quel OPCO est affili\u00e9 votre entreprise, vous devez conna\u00eetre votre num\u00e9ro de convention collective (IDCC) qui figure sur votre bulletin de paie. <strong><a href=\"https:\/\/travail-emploi.gouv.fr\/ministere\/acteurs\/partenaires\/opco\">Trouver votre OPCO<\/a><\/strong><\/p>\n<ul>\n<li><strong>Les FAF (Fonds d\u2019Assurance Formation) pour les&nbsp;ind\u00e9pendants<\/strong><\/li>\n<li>Le&nbsp;<a href=\"https:\/\/www.fifpl.fr\/\">FIF PL&nbsp;<\/a>est le FAF des professions lib\u00e9rales.<\/li>\n<li>L\u2019<a href=\"https:\/\/communication-agefice.fr\/\">AGEFICE<\/a>est le FAF du Commerce, de l\u2019Industrie et des Services. Il&nbsp;finance des&nbsp;actions de formation les&nbsp;dirigeants d\u2019entreprise et conjoints collaborateurs ou conjoints associ\u00e9s.&nbsp;<\/li>\n<li><strong>Les autres financeurs<\/strong><\/li>\n<\/ul>\n<p>Les r\u00e9gions,&nbsp;l&rsquo;Europe, <a href=\"https:\/\/www.pole-emploi.fr\/candidat\/en-formation\/definir-vos-besoins\/financer-ma-formation.html\">Pole Emploi<\/a>, l&rsquo;<a href=\"https:\/\/www.agefiph.fr\/\">Agefiph<\/a>&#8230; financent directement ou indirectement, via des partenariats ou des&nbsp;co-financements, de nombreux projets de formation.<\/p>\n<p><strong>Notre engagement dans le handicap<\/strong><br>R\u00e9f\u00e9rent, contacts, site internet\u2026<br>R\u00e9f\u00e9rent en Entreprise : M. Pascal REY 04.50.64.02.33 &#8211; pr@solution-logique.fr<br>Pr\u00e9sentation handicap et insertion : CCI Haute-Savoie (mail)<\/p>\n<p><br><strong>Am\u00e9nagement et accessibilit\u00e9 des locaux Solution Logique :<\/strong><br>&#8211; Porte d\u2019entr\u00e9e et ascenseur pr\u00e9vu pour l\u2019accessibilit\u00e9 aux candidats<br>&#8211; Toilette et salle de r\u00e9union accessible et aux normes<\/p>\n<p><br><strong>Coordonn\u00e9es MDPH 74 &#8211; Maison d\u00e9partementale des personnes handicap\u00e9es de Haute-Savoi<\/strong>e (Administration d\u00e9partementale \u00e0 Annecy)<br>Adresse :<br>26 Av. de Chev\u00e9ne, 74000 Annecy<br>T\u00e9l\u00e9phone : 04 50 33 22 50<br>Site internet : https:\/\/www.mdph74.fr<br><strong>Coordonn\u00e9es Agefiph t\u00e9l\u00e9phone : 0 800 11 10 09<\/strong><br>Site internet : https:\/\/www.agefiph.fr\/auvergne-rhone-alpes<br>Contact d\u00e9partemental : Mme Gruyelle : 04.74.94.20.21 \/ Mme Barot : 06.22.10.01.52<br><strong>Coordonn\u00e9es Chambre M\u00e9tier et de l\u2019Artisanat Haute-Savoie<\/strong><br>Adresse :<br>28 avenue de France 74000 Annecy<br>T\u00e9l\u00e9phone : 04 50 23 92 22<br>Courriel : contact.hautesavoie@cma-auvergnerhonealpes.fr<br>Site internet : https:\/\/www.agefiph.fr\/auvergne-rhone-alpes<br>https:\/\/www.cma-hautesavoie.fr\/se-former\/apprentissage-et-handicap<br><strong>Coordonn\u00e9es Cap Emploi Savoie Haute-Savoie<\/strong><br>Adresse :<br>5 Rue du Chaudairon, 74960 Annecy<br>T\u00e9l\u00e9phone : 09 70 19 26 09<br>Site internet : https:\/\/www.capemploi-73-74.com<br>Page : https:\/\/www.capemploi-73-74.com\/espace-employeur\/<br>Site internet : R\u00e9alisez le bilan de vos actions handicap et progressez en autonomie https:\/\/www.monparcourshandicap.gouv.fr\/services\/autodiag\/#\/home\/accueil-questionnaire<\/p>\n<p><br>\u00c9tape 1 : Je renseigne des informations sur ma structure (taille, secteur d\u2019activit\u00e9 et p\u00e9rim\u00e8tre g\u00e9ographique)<br>\u00c9tape 2 : Je r\u00e9ponds \u00e0 26 questions sur 6 th\u00e9matiques (strat\u00e9gie, sensibilisation, recrutement, pr\u00e9vention et maintien, accessibilit\u00e9 et secteur prot\u00e9g\u00e9 et entreprises adapt\u00e9es)<br>\u00c9tape 3 : J\u2019acc\u00e8de \u00e0 mon bilan et je d\u00e9finis mon plan d\u2019action handicap en autonomie ou avec un conseiller.<\/p>\n<p>&nbsp;<\/p>\n\n\n<div class=\"wp-block-buttons is-layout-flex wp-block-buttons-is-layout-flex\">\n<div class=\"wp-block-button is-style-fill\"><a class=\"wp-block-button__link has-white-color has-vivid-cyan-blue-background-color has-text-color has-background\" href=\"https:\/\/www.dev-sli.fr\/sli\/wp-content\/uploads\/2022\/03\/Programme_GestionCommerciale_NivInitial.pdf\">Programme Gestion <\/a><\/div>\n\n\n\n<div class=\"wp-block-button is-style-fill\"><a class=\"wp-block-button__link has-white-color has-vivid-cyan-blue-background-color has-text-color has-background\" href=\"https:\/\/www.dev-sli.fr\/sli\/wp-content\/uploads\/2022\/03\/Programme_Comptabilite_NivInitial.pdf\">Programme Compta <\/a><\/div>\n\n\n\n<div class=\"wp-block-button is-style-fill\"><a class=\"wp-block-button__link has-white-color has-vivid-cyan-blue-background-color has-text-color has-background\" href=\"https:\/\/www.dev-sli.fr\/sli\/wp-content\/uploads\/2022\/03\/Programme_GestionBatiment_NivInitial.pdf\">Programme Batiment <\/a><\/div>\n<\/div>\n\n\n\n<p><\/p>\n","protected":false},"excerpt":{"rendered":"<p>Solution logique vous propose une gamme de formation compl\u00e8te et personnalis\u00e9es dans vos locaux.&nbsp;&nbsp;Chaque formation est adapt\u00e9e selon vos besoins quel que soit le niveau, initiation ou perfectionnement. Certifi\u00e9 Qualiopi, votre dossier est&nbsp;peut \u00eatre&nbsp;pris en charge par votre OPCO Num\u00e9ro d\u2019agr\u00e9ment d\u2019activit\u00e9 de formation&nbsp;: 82.74.00.741.74 Formations r\u00e9alis\u00e9es sur 2019&nbsp;: 309 heures \u2013 30 participants Profil [&hellip;]<\/p>\n","protected":false},"author":1,"featured_media":0,"parent":0,"menu_order":0,"comment_status":"closed","ping_status":"closed","template":"","meta":{"ngg_post_thumbnail":0,"footnotes":""},"class_list":["post-798","page","type-page","status-publish","hentry"],"yoast_head":"<!-- This site is optimized with the Yoast SEO plugin v23.8 - https:\/\/yoast.com\/wordpress\/plugins\/seo\/ -->\n<title>Programme de Formation EBP &#8211; SOLUTION LOGIQUE<\/title>\n<meta name=\"robots\" content=\"index, follow, max-snippet:-1, max-image-preview:large, max-video-preview:-1\" \/>\n<link rel=\"canonical\" href=\"https:\/\/www.dev-sli.fr\/sli\/formation-ebp-conditions\/\" \/>\n<meta property=\"og:locale\" content=\"fr_FR\" \/>\n<meta property=\"og:type\" content=\"article\" \/>\n<meta property=\"og:title\" content=\"Programme de Formation EBP &#8211; SOLUTION LOGIQUE\" \/>\n<meta property=\"og:description\" content=\"Solution logique vous propose une gamme de formation compl\u00e8te et personnalis\u00e9es dans vos locaux.&nbsp;&nbsp;Chaque formation est adapt\u00e9e selon vos besoins quel que soit le niveau, initiation ou perfectionnement. Certifi\u00e9 Qualiopi, votre dossier est&nbsp;peut \u00eatre&nbsp;pris en charge par votre OPCO Num\u00e9ro d\u2019agr\u00e9ment d\u2019activit\u00e9 de formation&nbsp;: 82.74.00.741.74 Formations r\u00e9alis\u00e9es sur 2019&nbsp;: 309 heures \u2013 30 participants Profil [&hellip;]\" \/>\n<meta property=\"og:url\" content=\"https:\/\/www.dev-sli.fr\/sli\/formation-ebp-conditions\/\" \/>\n<meta property=\"og:site_name\" content=\"SOLUTION LOGIQUE\" \/>\n<meta property=\"article:modified_time\" content=\"2022-03-09T11:14:42+00:00\" \/>\n<meta property=\"og:image\" content=\"http:\/\/localhost\/sli\/wp-content\/uploads\/2021\/01\/qualiopi.png\" \/>\n<meta name=\"twitter:card\" content=\"summary_large_image\" \/>\n<meta name=\"twitter:label1\" content=\"Dur\u00e9e de lecture estim\u00e9e\" \/>\n\t<meta name=\"twitter:data1\" content=\"4 minutes\" \/>\n<script type=\"application\/ld+json\" class=\"yoast-schema-graph\">{\"@context\":\"https:\/\/schema.org\",\"@graph\":[{\"@type\":\"WebPage\",\"@id\":\"https:\/\/www.dev-sli.fr\/sli\/formation-ebp-conditions\/\",\"url\":\"https:\/\/www.dev-sli.fr\/sli\/formation-ebp-conditions\/\",\"name\":\"Programme de Formation EBP &#8211; SOLUTION LOGIQUE\",\"isPartOf\":{\"@id\":\"https:\/\/www.dev-sli.fr\/sli\/#website\"},\"primaryImageOfPage\":{\"@id\":\"https:\/\/www.dev-sli.fr\/sli\/formation-ebp-conditions\/#primaryimage\"},\"image\":{\"@id\":\"https:\/\/www.dev-sli.fr\/sli\/formation-ebp-conditions\/#primaryimage\"},\"thumbnailUrl\":\"http:\/\/localhost\/sli\/wp-content\/uploads\/2021\/01\/qualiopi.png\",\"datePublished\":\"2021-04-30T14:41:47+00:00\",\"dateModified\":\"2022-03-09T11:14:42+00:00\",\"breadcrumb\":{\"@id\":\"https:\/\/www.dev-sli.fr\/sli\/formation-ebp-conditions\/#breadcrumb\"},\"inLanguage\":\"fr-FR\",\"potentialAction\":[{\"@type\":\"ReadAction\",\"target\":[\"https:\/\/www.dev-sli.fr\/sli\/formation-ebp-conditions\/\"]}]},{\"@type\":\"ImageObject\",\"inLanguage\":\"fr-FR\",\"@id\":\"https:\/\/www.dev-sli.fr\/sli\/formation-ebp-conditions\/#primaryimage\",\"url\":\"http:\/\/localhost\/sli\/wp-content\/uploads\/2021\/01\/qualiopi.png\",\"contentUrl\":\"http:\/\/localhost\/sli\/wp-content\/uploads\/2021\/01\/qualiopi.png\"},{\"@type\":\"BreadcrumbList\",\"@id\":\"https:\/\/www.dev-sli.fr\/sli\/formation-ebp-conditions\/#breadcrumb\",\"itemListElement\":[{\"@type\":\"ListItem\",\"position\":1,\"name\":\"Home\",\"item\":\"https:\/\/www.dev-sli.fr\/sli\/\"},{\"@type\":\"ListItem\",\"position\":2,\"name\":\"Programme de Formation EBP\"}]},{\"@type\":\"WebSite\",\"@id\":\"https:\/\/www.dev-sli.fr\/sli\/#website\",\"url\":\"https:\/\/www.dev-sli.fr\/sli\/\",\"name\":\"SOLUTION LOGIQUE\",\"description\":\"Apporteur de solutions innovantes\",\"publisher\":{\"@id\":\"https:\/\/www.dev-sli.fr\/sli\/#organization\"},\"potentialAction\":[{\"@type\":\"SearchAction\",\"target\":{\"@type\":\"EntryPoint\",\"urlTemplate\":\"https:\/\/www.dev-sli.fr\/sli\/?s={search_term_string}\"},\"query-input\":{\"@type\":\"PropertyValueSpecification\",\"valueRequired\":true,\"valueName\":\"search_term_string\"}}],\"inLanguage\":\"fr-FR\"},{\"@type\":\"Organization\",\"@id\":\"https:\/\/www.dev-sli.fr\/sli\/#organization\",\"name\":\"SOLUTION LOGIQUE\",\"url\":\"https:\/\/www.dev-sli.fr\/sli\/\",\"logo\":{\"@type\":\"ImageObject\",\"inLanguage\":\"fr-FR\",\"@id\":\"https:\/\/www.dev-sli.fr\/sli\/#\/schema\/logo\/image\/\",\"url\":\"\",\"contentUrl\":\"\",\"caption\":\"SOLUTION LOGIQUE\"},\"image\":{\"@id\":\"https:\/\/www.dev-sli.fr\/sli\/#\/schema\/logo\/image\/\"}}]}<\/script>\n<!-- \/ Yoast SEO plugin. -->","yoast_head_json":{"title":"Programme de Formation EBP &#8211; SOLUTION LOGIQUE","robots":{"index":"index","follow":"follow","max-snippet":"max-snippet:-1","max-image-preview":"max-image-preview:large","max-video-preview":"max-video-preview:-1"},"canonical":"https:\/\/www.dev-sli.fr\/sli\/formation-ebp-conditions\/","og_locale":"fr_FR","og_type":"article","og_title":"Programme de Formation EBP &#8211; SOLUTION LOGIQUE","og_description":"Solution logique vous propose une gamme de formation compl\u00e8te et personnalis\u00e9es dans vos locaux.&nbsp;&nbsp;Chaque formation est adapt\u00e9e selon vos besoins quel que soit le niveau, initiation ou perfectionnement. Certifi\u00e9 Qualiopi, votre dossier est&nbsp;peut \u00eatre&nbsp;pris en charge par votre OPCO Num\u00e9ro d\u2019agr\u00e9ment d\u2019activit\u00e9 de formation&nbsp;: 82.74.00.741.74 Formations r\u00e9alis\u00e9es sur 2019&nbsp;: 309 heures \u2013 30 participants Profil [&hellip;]","og_url":"https:\/\/www.dev-sli.fr\/sli\/formation-ebp-conditions\/","og_site_name":"SOLUTION LOGIQUE","article_modified_time":"2022-03-09T11:14:42+00:00","og_image":[{"url":"http:\/\/localhost\/sli\/wp-content\/uploads\/2021\/01\/qualiopi.png"}],"twitter_card":"summary_large_image","twitter_misc":{"Dur\u00e9e de lecture estim\u00e9e":"4 minutes"},"schema":{"@context":"https:\/\/schema.org","@graph":[{"@type":"WebPage","@id":"https:\/\/www.dev-sli.fr\/sli\/formation-ebp-conditions\/","url":"https:\/\/www.dev-sli.fr\/sli\/formation-ebp-conditions\/","name":"Programme de Formation EBP &#8211; SOLUTION LOGIQUE","isPartOf":{"@id":"https:\/\/www.dev-sli.fr\/sli\/#website"},"primaryImageOfPage":{"@id":"https:\/\/www.dev-sli.fr\/sli\/formation-ebp-conditions\/#primaryimage"},"image":{"@id":"https:\/\/www.dev-sli.fr\/sli\/formation-ebp-conditions\/#primaryimage"},"thumbnailUrl":"http:\/\/localhost\/sli\/wp-content\/uploads\/2021\/01\/qualiopi.png","datePublished":"2021-04-30T14:41:47+00:00","dateModified":"2022-03-09T11:14:42+00:00","breadcrumb":{"@id":"https:\/\/www.dev-sli.fr\/sli\/formation-ebp-conditions\/#breadcrumb"},"inLanguage":"fr-FR","potentialAction":[{"@type":"ReadAction","target":["https:\/\/www.dev-sli.fr\/sli\/formation-ebp-conditions\/"]}]},{"@type":"ImageObject","inLanguage":"fr-FR","@id":"https:\/\/www.dev-sli.fr\/sli\/formation-ebp-conditions\/#primaryimage","url":"http:\/\/localhost\/sli\/wp-content\/uploads\/2021\/01\/qualiopi.png","contentUrl":"http:\/\/localhost\/sli\/wp-content\/uploads\/2021\/01\/qualiopi.png"},{"@type":"BreadcrumbList","@id":"https:\/\/www.dev-sli.fr\/sli\/formation-ebp-conditions\/#breadcrumb","itemListElement":[{"@type":"ListItem","position":1,"name":"Home","item":"https:\/\/www.dev-sli.fr\/sli\/"},{"@type":"ListItem","position":2,"name":"Programme de Formation EBP"}]},{"@type":"WebSite","@id":"https:\/\/www.dev-sli.fr\/sli\/#website","url":"https:\/\/www.dev-sli.fr\/sli\/","name":"SOLUTION LOGIQUE","description":"Apporteur de solutions innovantes","publisher":{"@id":"https:\/\/www.dev-sli.fr\/sli\/#organization"},"potentialAction":[{"@type":"SearchAction","target":{"@type":"EntryPoint","urlTemplate":"https:\/\/www.dev-sli.fr\/sli\/?s={search_term_string}"},"query-input":{"@type":"PropertyValueSpecification","valueRequired":true,"valueName":"search_term_string"}}],"inLanguage":"fr-FR"},{"@type":"Organization","@id":"https:\/\/www.dev-sli.fr\/sli\/#organization","name":"SOLUTION LOGIQUE","url":"https:\/\/www.dev-sli.fr\/sli\/","logo":{"@type":"ImageObject","inLanguage":"fr-FR","@id":"https:\/\/www.dev-sli.fr\/sli\/#\/schema\/logo\/image\/","url":"","contentUrl":"","caption":"SOLUTION LOGIQUE"},"image":{"@id":"https:\/\/www.dev-sli.fr\/sli\/#\/schema\/logo\/image\/"}}]}},"_links":{"self":[{"href":"https:\/\/www.dev-sli.fr\/sli\/wp-json\/wp\/v2\/pages\/798","targetHints":{"allow":["GET"]}}],"collection":[{"href":"https:\/\/www.dev-sli.fr\/sli\/wp-json\/wp\/v2\/pages"}],"about":[{"href":"https:\/\/www.dev-sli.fr\/sli\/wp-json\/wp\/v2\/types\/page"}],"author":[{"embeddable":true,"href":"https:\/\/www.dev-sli.fr\/sli\/wp-json\/wp\/v2\/users\/1"}],"replies":[{"embeddable":true,"href":"https:\/\/www.dev-sli.fr\/sli\/wp-json\/wp\/v2\/comments?post=798"}],"version-history":[{"count":31,"href":"https:\/\/www.dev-sli.fr\/sli\/wp-json\/wp\/v2\/pages\/798\/revisions"}],"predecessor-version":[{"id":1065,"href":"https:\/\/www.dev-sli.fr\/sli\/wp-json\/wp\/v2\/pages\/798\/revisions\/1065"}],"wp:attachment":[{"href":"https:\/\/www.dev-sli.fr\/sli\/wp-json\/wp\/v2\/media?parent=798"}],"curies":[{"name":"wp","href":"https:\/\/api.w.org\/{rel}","templated":true}]}}